{"id":4946,"date":"2024-09-23T20:54:33","date_gmt":"2024-09-23T18:54:33","guid":{"rendered":"https:\/\/ferrancremades.es\/?page_id=4946"},"modified":"2024-09-23T20:59:22","modified_gmt":"2024-09-23T18:59:22","slug":"taller-escritura","status":"publish","type":"page","link":"https:\/\/ferrancremades.es\/index.php\/inicio\/taller-escritura\/","title":{"rendered":"1.2-TALLER DE ESCRITURA"},"content":{"rendered":"\t\t<div data-elementor-type=\"wp-page\" data-elementor-id=\"4946\" class=\"elementor elementor-4946\">\n\t\t\t\t<div class=\"elementor-element elementor-element-50e0e5f1 e-flex e-con-boxed e-con e-parent\" data-id=\"50e0e5f1\" data-element_type=\"container\" data-e-type=\"container\">\n\t\t\t\t\t<div class=\"e-con-inner\">\n\t\t\t\t<div class=\"elementor-element elementor-element-6e9061a2 elementor-widget elementor-widget-text-editor\" data-id=\"6e9061a2\" data-element_type=\"widget\" data-e-type=\"widget\" data-widget_type=\"text-editor.default\">\n\t\t\t\t<div class=\"elementor-widget-container\">\n\t\t\t\t\t\t\t\t\t\n<h2 class=\"has-text-align-center wp-block-heading\" style=\"text-align: center;\">TALLER DE ESCRITURA CREATIVA<br \/>EL N\u00c9CTAR DE LA VIDA<\/h2>\n<p style=\"text-align: center;\">\u00bfC\u00f3mo podemos convertir lo que vivimos, <br \/>lo que imaginamos o lo que investigamos<br \/>en materia de literatura?<\/p>\n\t\t\t\t\t\t\t\t<\/div>\n\t\t\t\t<\/div>\n\t\t\t\t<div class=\"elementor-element elementor-element-61f7c26 elementor-widget elementor-widget-image\" data-id=\"61f7c26\" data-element_type=\"widget\" data-e-type=\"widget\" data-widget_type=\"image.default\">\n\t\t\t\t<div class=\"elementor-widget-container\">\n\t\t\t\t\t\t\t\t\t\t\t\t<figure class=\"wp-caption\">\n\t\t\t\t\t\t\t\t\t\t<img fetchpriority=\"high\" decoding=\"async\" width=\"421\" height=\"600\" src=\"https:\/\/ferrancremades.es\/wp-content\/uploads\/2024\/09\/Oleo-de-Guillermo-Peyro-Roggen-LIBROS-VII-2003-e1727117924247.jpg\" class=\"attachment-large size-large wp-image-4952\" alt=\"\" \/>\t\t\t\t\t\t\t\t\t\t\t<figcaption class=\"widget-image-caption wp-caption-text\">\u00a9 Guillermo Peyr\u00f3 Roggen. \u00d3leo LIBROS VII. 2003<\/figcaption>\n\t\t\t\t\t\t\t\t\t\t<\/figure>\n\t\t\t\t\t\t\t\t\t<\/div>\n\t\t\t\t<\/div>\n\t\t\t\t<div class=\"elementor-element elementor-element-9f55bdc elementor-widget elementor-widget-spacer\" data-id=\"9f55bdc\" data-element_type=\"widget\" data-e-type=\"widget\" data-widget_type=\"spacer.default\">\n\t\t\t\t<div class=\"elementor-widget-container\">\n\t\t\t\t\t\t\t<div class=\"elementor-spacer\">\n\t\t\t<div class=\"elementor-spacer-inner\"><\/div>\n\t\t<\/div>\n\t\t\t\t\t\t<\/div>\n\t\t\t\t<\/div>\n\t\t\t\t<div class=\"elementor-element elementor-element-662685e elementor-widget elementor-widget-text-editor\" data-id=\"662685e\" data-element_type=\"widget\" data-e-type=\"widget\" data-widget_type=\"text-editor.default\">\n\t\t\t\t<div class=\"elementor-widget-container\">\n\t\t\t\t\t\t\t\t\t<h3 style=\"text-align: center;\"><strong>eL ABECEDARIO<br \/><\/strong><\/h3>\t\t\t\t\t\t\t\t<\/div>\n\t\t\t\t<\/div>\n\t\t\t\t<div class=\"elementor-element elementor-element-863bfac elementor-widget elementor-widget-text-editor\" data-id=\"863bfac\" data-element_type=\"widget\" data-e-type=\"widget\" data-widget_type=\"text-editor.default\">\n\t\t\t\t<div class=\"elementor-widget-container\">\n\t\t\t\t\t\t\t\t\t<p style=\"text-align: center;\"><em>Es digno de admiraci\u00f3n que se haya podido contener<br \/><\/em><em>en tan pocas letras tan gran diversidad de sonidos.<br \/><\/em><em>Con lo que se ha configurado tanta variedad <br \/><\/em><em>y abundancia de palabras, lenguajes y lenguas<\/em>.<\/p>\n<p style=\"text-align: center;\"><strong>LLU\u00cdS VIVES.<\/strong><\/p>\t\t\t\t\t\t\t\t<\/div>\n\t\t\t\t<\/div>\n\t\t\t\t<div class=\"elementor-element elementor-element-7edd5e7 elementor-widget elementor-widget-image\" data-id=\"7edd5e7\" data-element_type=\"widget\" data-e-type=\"widget\" data-widget_type=\"image.default\">\n\t\t\t\t<div class=\"elementor-widget-container\">\n\t\t\t\t\t\t\t\t\t\t\t\t\t\t\t<img decoding=\"async\" width=\"600\" height=\"428\" src=\"https:\/\/ferrancremades.es\/wp-content\/uploads\/2024\/09\/Ferran_firsts-e1727089325830.jpg\" class=\"attachment-large size-large wp-image-4850\" alt=\"\" \/>\t\t\t\t\t\t\t\t\t\t\t\t\t\t\t<\/div>\n\t\t\t\t<\/div>\n\t\t\t\t<div class=\"elementor-element elementor-element-578d3eb elementor-widget elementor-widget-text-editor\" data-id=\"578d3eb\" data-element_type=\"widget\" data-e-type=\"widget\" data-widget_type=\"text-editor.default\">\n\t\t\t\t<div class=\"elementor-widget-container\">\n\t\t\t\t\t\t\t\t\t<h3 style=\"text-align: center;\"><strong>temario<br \/><\/strong><\/h3>\t\t\t\t\t\t\t\t<\/div>\n\t\t\t\t<\/div>\n\t\t\t\t<div class=\"elementor-element elementor-element-83568ee elementor-widget elementor-widget-text-editor\" data-id=\"83568ee\" data-element_type=\"widget\" data-e-type=\"widget\" data-widget_type=\"text-editor.default\">\n\t\t\t\t<div class=\"elementor-widget-container\">\n\t\t\t\t\t\t\t\t\t<p style=\"text-align: center;\">El proceso de una narraci\u00f3n<strong><br \/><\/strong><\/p>\t\t\t\t\t\t\t\t<\/div>\n\t\t\t\t<\/div>\n\t\t\t\t<div class=\"elementor-element elementor-element-cc3c806 elementor-widget elementor-widget-text-editor\" data-id=\"cc3c806\" data-element_type=\"widget\" data-e-type=\"widget\" data-widget_type=\"text-editor.default\">\n\t\t\t\t<div class=\"elementor-widget-container\">\n\t\t\t\t\t\t\t\t\t<p>Los aspectos generales y b\u00e1sicos a tener en cuenta en un relato, bien sea biogr\u00e1fico, de ficci\u00f3n o hist\u00f3rico. En cada tema, los participantes llevar\u00e1n a cabo alg\u00fan ejercicio.<\/p>\n<p style=\"text-align: justify;\"><strong>1.-<\/strong> <strong>El estallido del conflicto<\/strong>.<br \/>El inicio de cada relato marca ya un punto de partida y el tono a seguir a lo largo de toda la narraci\u00f3n. Siempre se ha de plantear un conflicto, un enigma, un hecho real que hay que resolver. Partir con una cierta tensi\u00f3n: sorpresa, misterio, suspense.\u00a0 Selecci\u00f3n de ocho textos INICIOS DE RELATOS.<\/p>\n<p style=\"text-align: justify;\"><strong>2.-<\/strong> <strong>Las diferentes expectativas<\/strong>.<br \/>La tensi\u00f3n creada en torno al conflicto nos lleva a buscar una salida. De este modo, se nos presentan diferentes perspectivas. El punto de partida que marca cada una de las posibles salidas al conflicto o al planteamiento inicial. Sin duda, en el proceso del relato, llegamos a sentir una llamada, unas voces que nos se\u00f1alan un camino determinado.\u00a0\u00a0\u00a0\u00a0\u00a0\u00a0\u00a0\u00a0\u00a0<\/p>\n<p style=\"text-align: justify;\"><strong>3.-<\/strong> <strong>Tiempo y espacio<\/strong>.\u00a0<br \/>Todos los relatos, incluso los imaginarios, nos piden un tiempo y un espacio determinado. La recreaci\u00f3n tanto de los exteriores como de los interiores es muy importante para crear una \u00e9poca y dar vida a los personajes.<\/p>\n<p style=\"text-align: justify;\"><strong>4.-<\/strong> <strong>El curso de los acontecimientos<\/strong>.<br \/>Poco a poco, bien a trav\u00e9s de los testigos directos o de las b\u00fasquedas llevadas a cabo por el mismo autor, bien a trav\u00e9s del imaginario o bien a trav\u00e9s de los documentos encontrados, el relato ir\u00e1 avanzando con tensi\u00f3n. El ritmo casi siempre es el mismo: estallido de un conflicto, punto de llegada y posibilidad de diferentes expectativas. \u00a0<\/p>\n<p style=\"text-align: justify;\">\u00a0<strong>5.-<\/strong> <strong>Los personajes<\/strong>.<br \/>El autor ha de diluirse en todos sus personajes. As\u00ed, pues, la verdad absoluta estar\u00e1 hecha de las verdades particulares. Un mundo de m\u00e1scaras. En este punto leeremos el cuento de los derviches: \u201cLos ciegos y la cuesti\u00f3n del elefante\u201d. Pondremos rostros y voces a los personajes. Descripci\u00f3n de un personaje. Cada personaje tiene un tono de voz y unas ideas o creencias que quiere imponer o defender. El personaje unidimensional y el personaje como producto de una trama hecha de diferentes hilos, seg\u00fan sus diferentes relaciones, tanto a nivel social, familiar, profesional, amical, etc\u00e9tera.<\/p>\n<p style=\"text-align: justify;\"><strong>6.-<\/strong> <strong>El qu\u00e9 y el c\u00f3mo<\/strong>.<br \/>Hablaremos de la importancia del di\u00e1logo en el estilo directo de un relato. Tambi\u00e9n del juego que dan las acotaciones en los di\u00e1logos. Haremos ejercicios de conversi\u00f3n de frases de estilo directo en estilo indirecto y viceversa. Una cosa son los hechos y otra, muy diferente, la manera de contarlos. El estilo indirecto y los di\u00e1logos.<\/p>\n<p style=\"text-align: justify;\"><strong>7.- La identidad del autor<\/strong>.<br \/>Cada autor tiene una personalidad definida por las experiencias vividas y tambi\u00e9n por las lecturas y la cultura adquirida a lo largo de los a\u00f1os. No obstante, muchas veces, marcado por el peso de los personajes, nos deja entrever otra identidad. Hablaremos del autor como un ser que vive con intensidad el sentimiento de pertenecer a un territorio. Y tambi\u00e9n del autor que, lejos de todas las fronteras, se siente como un viajero sin norte.<\/p>\t\t\t\t\t\t\t\t<\/div>\n\t\t\t\t<\/div>\n\t\t\t\t<div class=\"elementor-element elementor-element-e01985f elementor-widget elementor-widget-text-editor\" data-id=\"e01985f\" data-element_type=\"widget\" data-e-type=\"widget\" data-widget_type=\"text-editor.default\">\n\t\t\t\t<div class=\"elementor-widget-container\">\n\t\t\t\t\t\t\t\t\t<p style=\"text-align: justify; padding-left: 40px;\"><strong>MATERIAL A UTILIZAR<\/strong>: <br \/>En cada sesi\u00f3n el participante tendr\u00e1 un material relacionado con el temario y que puede formar parte de un libro de lectura.\u00a0\u00a0<\/p>\n<p style=\"text-align: justify; padding-left: 40px;\"><strong>TRABAJO A REALIZAR por los PARTICIPANTES<\/strong>: <br \/>Aparte de los diferentes ejercicios hechos en cada sesi\u00f3n, y que comentaremos y discutiremos p\u00fablicamente, la idea originaria es que cada participante escriba un relato \u2212biogr\u00e1fico, de ficci\u00f3n o hist\u00f3rico\u2212 de un par de hojas a lo largo de todo el taller. El resultado ser\u00e1 una publicaci\u00f3n artesanal.<\/p>\t\t\t\t\t\t\t\t<\/div>\n\t\t\t\t<\/div>\n\t\t\t\t<div class=\"elementor-element elementor-element-1a89173 elementor-widget elementor-widget-image\" data-id=\"1a89173\" data-element_type=\"widget\" data-e-type=\"widget\" data-widget_type=\"image.default\">\n\t\t\t\t<div class=\"elementor-widget-container\">\n\t\t\t\t\t\t\t\t\t\t\t\t<figure class=\"wp-caption\">\n\t\t\t\t\t\t\t\t\t\t<img decoding=\"async\" width=\"850\" height=\"1024\" src=\"https:\/\/ferrancremades.es\/wp-content\/uploads\/2024\/09\/Ferran_Interview-850x1024.jpg\" class=\"attachment-large size-large wp-image-4846\" alt=\"\" srcset=\"https:\/\/ferrancremades.es\/wp-content\/uploads\/2024\/09\/Ferran_Interview-850x1024.jpg 850w, https:\/\/ferrancremades.es\/wp-content\/uploads\/2024\/09\/Ferran_Interview-249x300.jpg 249w, https:\/\/ferrancremades.es\/wp-content\/uploads\/2024\/09\/Ferran_Interview-768x925.jpg 768w, https:\/\/ferrancremades.es\/wp-content\/uploads\/2024\/09\/Ferran_Interview-e1727089098440.jpg 600w\" sizes=\"(max-width: 850px) 100vw, 850px\" \/>\t\t\t\t\t\t\t\t\t\t\t<figcaption class=\"widget-image-caption wp-caption-text\">\u00a9 Tayeb Arab. Retrato, 1997<\/figcaption>\n\t\t\t\t\t\t\t\t\t\t<\/figure>\n\t\t\t\t\t\t\t\t\t<\/div>\n\t\t\t\t<\/div>\n\t\t\t\t<div class=\"elementor-element elementor-element-8561895 elementor-widget elementor-widget-text-editor\" data-id=\"8561895\" data-element_type=\"widget\" data-e-type=\"widget\" data-widget_type=\"text-editor.default\">\n\t\t\t\t<div class=\"elementor-widget-container\">\n\t\t\t\t\t\t\t\t\t<h2><strong>TALLERES:<\/strong><\/h2>\n<ul>\n<li><strong>TALLER DE ESCRITURA.<\/strong><br \/>Depto. de espa\u00f1ol. Universidad de Or\u00e1n (Argelia), abril 1988.<\/li>\n<li><strong>AULA OBERTA D\u2019ESCRIPTURA CREATIVA.<\/strong><br \/>Universitat de Val\u00e8ncia, 2010.<\/li>\n<\/ul>\n<ul>\n<li><strong>AULA OBERTA D\u2019ESCRIPTURA CREATIVA.<\/strong><br \/>Universitat de Val\u00e8ncia, 2011.<\/li>\n<\/ul>\t\t\t\t\t\t\t\t<\/div>\n\t\t\t\t<\/div>\n\t\t\t\t<div class=\"elementor-element elementor-element-fb0aadf elementor-widget elementor-widget-link-in-bio\" data-id=\"fb0aadf\" data-element_type=\"widget\" data-e-type=\"widget\" data-widget_type=\"link-in-bio.default\">\n\t\t\t\t<div class=\"elementor-widget-container\">\n\t\t\t\t\t\t\t<div class=\"e-link-in-bio e-link-in-bio\">\n\t\t\t<div class=\"e-link-in-bio__content\">\n\n\t\t\t\t\t\t<div class=\"e-link-in-bio__identity\">\n\t\t\t\t\t\t\t\t\t<div class=\"e-link-in-bio__identity-image e-link-in-bio__identity-image-profile has-style-circle\">\n\t\t\t\t\t\t\t<img loading=\"lazy\" decoding=\"async\" width=\"211\" height=\"240\" src=\"https:\/\/ferrancremades.es\/wp-content\/uploads\/2024\/08\/Juan-Miguel-Morales.jpg\" class=\"e-link-in-bio__identity-image-element\" alt=\"\" \/>\t\t\t\t\t\t\t\t\t\t\t\t\t<\/div>\n\t\t\t\t\t\t\t<\/div>\n\t\t\t\t\t<div class=\"e-link-in-bio__bio\">\n\t\t\t\t<h2 class=\"e-link-in-bio__heading\">FERRAN CREMADES<\/h2>\t\t\t\t<h3 class=\"e-link-in-bio__title\">ESCRITOR<\/h3>\t\t\t\t\t\t\t\t<p class=\"e-link-in-bio__description\">Acomp\u00e1\u00f1ame en mi viaje a trav\u00e9s de mis publicaciones y trabajos relacionados con la Literatura, el Arte y La Cultura.<\/p>\t\t\t<\/div>\n\t\t\t\t\t<div class=\"e-link-in-bio__icons has-size-small\">\n\t\t\t\t\t\t\t<div class=\"e-link-in-bio__icon is-size-small\">\n\t\t\t\t\t<a href=\"https:\/\/www.facebook.com\/ferran.cremades.1\" target=\"_blank\" rel=\"noopener \" aria-label=\"Facebook\" class=\"e-link-in-bio__icon-link\">\n\t\t\t\t\t\t<span class=\"e-link-in-bio__icon-svg\">\n\t\t\t\t\t\t\t<svg aria-hidden=\"true\" class=\"e-font-icon-svg e-fab-facebook\" viewBox=\"0 0 512 512\" xmlns=\"http:\/\/www.w3.org\/2000\/svg\"><path d=\"M504 256C504 119 393 8 256 8S8 119 8 256c0 123.78 90.69 226.38 209.25 245V327.69h-63V256h63v-54.64c0-62.15 37-96.48 93.67-96.48 27.14 0 55.52 4.84 55.52 4.84v61h-31.28c-30.8 0-40.41 19.12-40.41 38.73V256h68.78l-11 71.69h-57.78V501C413.31 482.38 504 379.78 504 256z\"><\/path><\/svg>\t\t\t\t\t\t<\/span>\n\t\t\t\t\t\t\t\t\t\t\t<\/a>\n\t\t\t\t<\/div>\n\t\t\t\t\t\t\t<div class=\"e-link-in-bio__icon is-size-small\">\n\t\t\t\t\t<a href=\"https:\/\/www.instagram.com\/ferrancremades\/\" target=\"_blank\" rel=\"noopener \" aria-label=\"Instagram\" class=\"e-link-in-bio__icon-link\">\n\t\t\t\t\t\t<span class=\"e-link-in-bio__icon-svg\">\n\t\t\t\t\t\t\t<svg aria-hidden=\"true\" class=\"e-font-icon-svg e-fab-instagram\" viewBox=\"0 0 448 512\" xmlns=\"http:\/\/www.w3.org\/2000\/svg\"><path d=\"M224.1 141c-63.6 0-114.9 51.3-114.9 114.9s51.3 114.9 114.9 114.9S339 319.5 339 255.9 287.7 141 224.1 141zm0 189.6c-41.1 0-74.7-33.5-74.7-74.7s33.5-74.7 74.7-74.7 74.7 33.5 74.7 74.7-33.6 74.7-74.7 74.7zm146.4-194.3c0 14.9-12 26.8-26.8 26.8-14.9 0-26.8-12-26.8-26.8s12-26.8 26.8-26.8 26.8 12 26.8 26.8zm76.1 27.2c-1.7-35.9-9.9-67.7-36.2-93.9-26.2-26.2-58-34.4-93.9-36.2-37-2.1-147.9-2.1-184.9 0-35.8 1.7-67.6 9.9-93.9 36.1s-34.4 58-36.2 93.9c-2.1 37-2.1 147.9 0 184.9 1.7 35.9 9.9 67.7 36.2 93.9s58 34.4 93.9 36.2c37 2.1 147.9 2.1 184.9 0 35.9-1.7 67.7-9.9 93.9-36.2 26.2-26.2 34.4-58 36.2-93.9 2.1-37 2.1-147.8 0-184.8zM398.8 388c-7.8 19.6-22.9 34.7-42.6 42.6-29.5 11.7-99.5 9-132.1 9s-102.7 2.6-132.1-9c-19.6-7.8-34.7-22.9-42.6-42.6-11.7-29.5-9-99.5-9-132.1s-2.6-102.7 9-132.1c7.8-19.6 22.9-34.7 42.6-42.6 29.5-11.7 99.5-9 132.1-9s102.7-2.6 132.1 9c19.6 7.8 34.7 22.9 42.6 42.6 11.7 29.5 9 99.5 9 132.1s2.7 102.7-9 132.1z\"><\/path><\/svg>\t\t\t\t\t\t<\/span>\n\t\t\t\t\t\t\t\t\t\t\t<\/a>\n\t\t\t\t<\/div>\n\t\t\t\t\t\t\t<div class=\"e-link-in-bio__icon is-size-small\">\n\t\t\t\t\t<a href=\"https:\/\/x.com\/Ferran_Cremades\" target=\"_blank\" rel=\"noopener \" aria-label=\"X (Twitter)\" class=\"e-link-in-bio__icon-link\">\n\t\t\t\t\t\t<span class=\"e-link-in-bio__icon-svg\">\n\t\t\t\t\t\t\t<svg aria-hidden=\"true\" class=\"e-font-icon-svg e-fab-x-twitter\" viewBox=\"0 0 512 512\" xmlns=\"http:\/\/www.w3.org\/2000\/svg\"><path d=\"M389.2 48h70.6L305.6 224.2 487 464H345L233.7 318.6 106.5 464H35.8L200.7 275.5 26.8 48H172.4L272.9 180.9 389.2 48zM364.4 421.8h39.1L151.1 88h-42L364.4 421.8z\"><\/path><\/svg>\t\t\t\t\t\t<\/span>\n\t\t\t\t\t\t\t\t\t\t\t<\/a>\n\t\t\t\t<\/div>\n\t\t\t\t\t<\/div>\n\t\t\n\t\t<div class=\"e-link-in-bio__ctas has-type-button\">\n\t\t\t\t\t\t\t<a href=\"https:\/\/ferrancremades.es\/index.php\/biografia\/\" class=\"e-link-in-bio__cta is-type-button has-corners-rounded\">\n\t\t\t\t\t\t\t\t\t\t<span class=\"e-link-in-bio__cta-text\">\n\t\t\t\t\t\tBiograf\u00eda\t\t\t\t\t<\/span>\n\t\t\t\t<\/a>\n\t\t\t\t\t\t\t<a href=\"https:\/\/ferrancremades.es\/index.php\/bibliografia\/\" class=\"e-link-in-bio__cta is-type-button has-corners-rounded\">\n\t\t\t\t\t\t\t\t\t\t<span class=\"e-link-in-bio__cta-text\">\n\t\t\t\t\t\tBibliograf\u00eda\t\t\t\t\t<\/span>\n\t\t\t\t<\/a>\n\t\t\t\t\t\t\t<a href=\"https:\/\/ferrancremades.es\/index.php\/art__cultura\/\" class=\"e-link-in-bio__cta is-type-button has-corners-rounded\">\n\t\t\t\t\t\t\t\t\t\t<span class=\"e-link-in-bio__cta-text\">\n\t\t\t\t\t\tArt &amp; Cultura\t\t\t\t\t<\/span>\n\t\t\t\t<\/a>\n\t\t\t\t\t\t\t<a href=\"https:\/\/ferrancremades.es\/index.php\/contactar\/\" class=\"e-link-in-bio__cta is-type-button has-corners-rounded\">\n\t\t\t\t\t\t\t\t\t\t<span class=\"e-link-in-bio__cta-text\">\n\t\t\t\t\t\tContactar\t\t\t\t\t<\/span>\n\t\t\t\t<\/a>\n\t\t\t\t\t<\/div>\n\t\t\n\t\t\t<\/div>\n\t\t\t<div class=\"e-link-in-bio__bg\">\n\t\t\t\t<div class=\"e-link-in-bio__bg-overlay\"><\/div>\n\t\t\t<\/div>\n\t\t<\/div>\n\t\t\t\t\t\t<\/div>\n\t\t\t\t<\/div>\n\t\t\t\t\t<\/div>\n\t\t\t\t<\/div>\n\t\t\t\t<\/div>\n\t\t","protected":false},"excerpt":{"rendered":"<div class=\"entry-summary\">\n<div class=\"entry-summary\">\nTALLER DE ESCRITURA CREATIVAEL N\u00c9CTAR DE LA VIDA \u00bfC\u00f3mo podemos convertir lo&hellip;\n<\/div>\n<div class=\"link-more\"><a href=\"https:\/\/ferrancremades.es\/index.php\/inicio\/taller-escritura\/\" class=\"more-link\">Seguir leyendo<span class=\"screen-reader-text\"> &ldquo;1.2-TALLER DE ESCRITURA&rdquo;<\/span>&hellip;<\/a><\/div>\n<\/div>\n<div class=\"link-more\"><a href=\"https:\/\/ferrancremades.es\/index.php\/inicio\/taller-escritura\/\" class=\"more-link\">Seguir leyendo<span class=\"screen-reader-text\"> &ldquo;1.2-TALLER DE ESCRITURA&rdquo;<\/span>&hellip;<\/a><\/div>\n","protected":false},"author":1,"featured_media":0,"parent":2,"menu_order":0,"comment_status":"closed","ping_status":"closed","template":"","meta":{"_acf_changed":false,"_monsterinsights_skip_tracking":false,"_monsterinsights_sitenote_active":false,"_monsterinsights_sitenote_note":"","_monsterinsights_sitenote_category":0,"_joinchat":[],"footnotes":""},"class_list":["post-4946","page","type-page","status-publish","hentry","entry"],"acf":[],"aioseo_notices":[],"_links":{"self":[{"href":"https:\/\/ferrancremades.es\/index.php\/wp-json\/wp\/v2\/pages\/4946","targetHints":{"allow":["GET"]}}],"collection":[{"href":"https:\/\/ferrancremades.es\/index.php\/wp-json\/wp\/v2\/pages"}],"about":[{"href":"https:\/\/ferrancremades.es\/index.php\/wp-json\/wp\/v2\/types\/page"}],"author":[{"embeddable":true,"href":"https:\/\/ferrancremades.es\/index.php\/wp-json\/wp\/v2\/users\/1"}],"replies":[{"embeddable":true,"href":"https:\/\/ferrancremades.es\/index.php\/wp-json\/wp\/v2\/comments?post=4946"}],"version-history":[{"count":5,"href":"https:\/\/ferrancremades.es\/index.php\/wp-json\/wp\/v2\/pages\/4946\/revisions"}],"predecessor-version":[{"id":4955,"href":"https:\/\/ferrancremades.es\/index.php\/wp-json\/wp\/v2\/pages\/4946\/revisions\/4955"}],"up":[{"embeddable":true,"href":"https:\/\/ferrancremades.es\/index.php\/wp-json\/wp\/v2\/pages\/2"}],"wp:attachment":[{"href":"https:\/\/ferrancremades.es\/index.php\/wp-json\/wp\/v2\/media?parent=4946"}],"curies":[{"name":"wp","href":"https:\/\/api.w.org\/{rel}","templated":true}]}}