{"id":3898,"date":"2024-08-28T15:53:28","date_gmt":"2024-08-28T15:53:28","guid":{"rendered":"https:\/\/ferrancremades.es\/?page_id=3898"},"modified":"2024-09-06T13:50:34","modified_gmt":"2024-09-06T11:50:34","slug":"marie-moreau","status":"publish","type":"page","link":"https:\/\/ferrancremades.es\/index.php\/art__cultura\/marie-moreau\/","title":{"rendered":"4.1.9 Marie Moreau"},"content":{"rendered":"\t\t<div data-elementor-type=\"wp-page\" data-elementor-id=\"3898\" class=\"elementor elementor-3898\">\n\t\t\t\t<div class=\"elementor-element elementor-element-771cb9c7 e-flex e-con-boxed e-con e-parent\" data-id=\"771cb9c7\" data-element_type=\"container\" data-e-type=\"container\">\n\t\t\t\t\t<div class=\"e-con-inner\">\n\t\t\t\t<div class=\"elementor-element elementor-element-af82e89 elementor-widget elementor-widget-text-editor\" data-id=\"af82e89\" data-element_type=\"widget\" data-e-type=\"widget\" data-widget_type=\"text-editor.default\">\n\t\t\t\t<div class=\"elementor-widget-container\">\n\t\t\t\t\t\t\t\t\t<p style=\"text-align: center;\"><em><strong>Marie Moreau<br \/><\/strong><\/em><\/p>\t\t\t\t\t\t\t\t<\/div>\n\t\t\t\t<\/div>\n\t\t\t\t<div class=\"elementor-element elementor-element-7e7a124 elementor-widget elementor-widget-text-editor\" data-id=\"7e7a124\" data-element_type=\"widget\" data-e-type=\"widget\" data-widget_type=\"text-editor.default\">\n\t\t\t\t<div class=\"elementor-widget-container\">\n\t\t\t\t\t\t\t\t\t<h3 style=\"text-align: center;\"><strong>L&#8217;OC\u00c9AN INFINI<br \/><\/strong><\/h3>\t\t\t\t\t\t\t\t<\/div>\n\t\t\t\t<\/div>\n\t\t<div class=\"elementor-element elementor-element-ddef779 e-con-full e-flex e-con e-child\" data-id=\"ddef779\" data-element_type=\"container\" data-e-type=\"container\">\n\t\t\t\t<div class=\"elementor-element elementor-element-8f507e4 elementor-widget elementor-widget-image\" data-id=\"8f507e4\" data-element_type=\"widget\" data-e-type=\"widget\" data-widget_type=\"image.default\">\n\t\t\t\t<div class=\"elementor-widget-container\">\n\t\t\t\t\t\t\t\t\t\t\t\t<figure class=\"wp-caption\">\n\t\t\t\t\t\t\t\t\t\t<img fetchpriority=\"high\" decoding=\"async\" width=\"783\" height=\"1024\" src=\"https:\/\/ferrancremades.es\/wp-content\/uploads\/2024\/08\/Les-Astres-783x1024.jpg\" class=\"attachment-large size-large wp-image-3903\" alt=\"\" srcset=\"https:\/\/ferrancremades.es\/wp-content\/uploads\/2024\/08\/Les-Astres-783x1024.jpg 783w, https:\/\/ferrancremades.es\/wp-content\/uploads\/2024\/08\/Les-Astres-229x300.jpg 229w, https:\/\/ferrancremades.es\/wp-content\/uploads\/2024\/08\/Les-Astres-768x1004.jpg 768w, https:\/\/ferrancremades.es\/wp-content\/uploads\/2024\/08\/Les-Astres-1175x1536.jpg 1175w, https:\/\/ferrancremades.es\/wp-content\/uploads\/2024\/08\/Les-Astres-1567x2048.jpg 1567w, https:\/\/ferrancremades.es\/wp-content\/uploads\/2024\/08\/Les-Astres-e1724863784308.jpg 600w\" sizes=\"(max-width: 783px) 100vw, 783px\" \/>\t\t\t\t\t\t\t\t\t\t\t<figcaption class=\"widget-image-caption wp-caption-text\">LES ASTRES. Encre et collage. 2020<\/figcaption>\n\t\t\t\t\t\t\t\t\t\t<\/figure>\n\t\t\t\t\t\t\t\t\t<\/div>\n\t\t\t\t<\/div>\n\t\t\t\t<div class=\"elementor-element elementor-element-5293033 elementor-widget elementor-widget-text-editor\" data-id=\"5293033\" data-element_type=\"widget\" data-e-type=\"widget\" data-widget_type=\"text-editor.default\">\n\t\t\t\t<div class=\"elementor-widget-container\">\n\t\t\t\t\t\t\t\t\t<p style=\"text-align: center;\"><strong>Ferran Cremades i Arlandis<\/strong><\/p>\t\t\t\t\t\t\t\t<\/div>\n\t\t\t\t<\/div>\n\t\t\t\t<\/div>\n\t\t\t\t<div class=\"elementor-element elementor-element-76489d5 elementor-widget elementor-widget-text-editor\" data-id=\"76489d5\" data-element_type=\"widget\" data-e-type=\"widget\" data-widget_type=\"text-editor.default\">\n\t\t\t\t<div class=\"elementor-widget-container\">\n\t\t\t\t\t\t\t\t\t<h2 style=\"text-align: center;\"><strong>LA CL\u00c9 DE MA LUMI\u00c8RE<br \/><\/strong><\/h2>\t\t\t\t\t\t\t\t<\/div>\n\t\t\t\t<\/div>\n\t\t\t\t<div class=\"elementor-element elementor-element-182431d elementor-widget elementor-widget-text-editor\" data-id=\"182431d\" data-element_type=\"widget\" data-e-type=\"widget\" data-widget_type=\"text-editor.default\">\n\t\t\t\t<div class=\"elementor-widget-container\">\n\t\t\t\t\t\t\t\t\t<p style=\"text-align: justify;\">Je prends la cl\u00e9 de ma lumi\u00e8re pour vous l\u2019offrir comme une flamme. Il y a un moment o\u00f9 je sais que la toile est termin\u00e9e. C\u2019est l\u2019harmonie des couleurs. Peut-\u00eatre apr\u00e8s d\u2019une petite touche de pinceau. Peut-\u00eatre ce n\u2019est pas le tableau que je cherchais, mais c\u2019est le tableau que j\u2019ai trouv\u00e9 lors de la qu\u00eate. Je ressens la m\u00eame \u00e9motion que lorsque je trouvais dans mon enfance l\u2019un de ses tr\u00e9sors que je cachais dans le tronc du vieux saule. C\u2019est un moment qui me semble \u00e9ternel \u00e0 cause de la joie qu\u2019il m\u2019offre. J\u2019attends l&#8217;oeuvre parfaite que je cherchais tout au long de ma vie. Mais c\u2019est le frisson de la recherche qui fait glisser les touches de pinceau \u00e0 travers la toile. C\u2019est ma seule certitude. L&#8217;oeuvre termin\u00e9e me regarde sereinement, comme l&#8217;oc\u00e9an apr\u00e8s une temp\u00eate. Mon inspiration a surgi comme une impulsion d\u2019un d\u00e9sir naturel et physique ou un battement d&#8217;\u00e2me. Soudain, j&#8217;ai l&#8217;impression qu&#8217;il y a un chemin ouvert qui me m\u00e8ne quelque part. La fin de l\u2019oeuvre c\u2019est comme une naissance. Chaque oeuvre na\u00eet \u00e0 sa propre vie. Une vie \u00e0 part enti\u00e8re qui se configure et grandira aux yeux de ceux qui la contemplent et l\u2019appr\u00e9cient. Dans chaque oeuvre, j\u2019essaie de combler le vide d\u2019un doute ou de r\u00e9v\u00e9ler l\u2019\u00e9clat d\u2019une nouvelle d\u00e9couverte. Il n\u2019y a aucun sentiment d\u2019atteindre un certain objectif. Juste une nuit de paix et de s\u00e9r\u00e9nit\u00e9 pour continuer sur la voie d\u2019une qu\u00eate incessante.<\/p>\t\t\t\t\t\t\t\t<\/div>\n\t\t\t\t<\/div>\n\t\t\t\t<div class=\"elementor-element elementor-element-1e71753 elementor-widget elementor-widget-image\" data-id=\"1e71753\" data-element_type=\"widget\" data-e-type=\"widget\" data-widget_type=\"image.default\">\n\t\t\t\t<div class=\"elementor-widget-container\">\n\t\t\t\t\t\t\t\t\t\t\t\t<figure class=\"wp-caption\">\n\t\t\t\t\t\t\t\t\t\t<img decoding=\"async\" width=\"768\" height=\"1024\" src=\"https:\/\/ferrancremades.es\/wp-content\/uploads\/2024\/08\/Autoportrait-1958-768x1024.jpg\" class=\"attachment-large size-large wp-image-3921\" alt=\"\" srcset=\"https:\/\/ferrancremades.es\/wp-content\/uploads\/2024\/08\/Autoportrait-1958-768x1024.jpg 768w, https:\/\/ferrancremades.es\/wp-content\/uploads\/2024\/08\/Autoportrait-1958-225x300.jpg 225w, https:\/\/ferrancremades.es\/wp-content\/uploads\/2024\/08\/Autoportrait-1958-e1724865208779.jpg 600w\" sizes=\"(max-width: 768px) 100vw, 768px\" \/>\t\t\t\t\t\t\t\t\t\t\t<figcaption class=\"widget-image-caption wp-caption-text\">AUTOPORTRAIT. Aquarelle. 1958<\/figcaption>\n\t\t\t\t\t\t\t\t\t\t<\/figure>\n\t\t\t\t\t\t\t\t\t<\/div>\n\t\t\t\t<\/div>\n\t\t\t\t<div class=\"elementor-element elementor-element-e533f74 elementor-widget elementor-widget-text-editor\" data-id=\"e533f74\" data-element_type=\"widget\" data-e-type=\"widget\" data-widget_type=\"text-editor.default\">\n\t\t\t\t<div class=\"elementor-widget-container\">\n\t\t\t\t\t\t\t\t\t<p style=\"text-align: justify;\">La premi\u00e8re peinture que j\u2019ai fait de ma vie c\u2019\u00e9tait la mer. Un jour, avec mon petit doigt mouill\u00e9 avec la salive, je frottais les paquets dans l\u2019\u00e9picerie de ma Grand-m\u00e8re pour trouver des couleurs et peindre mes premi\u00e8res esquisses. La petite Marie que j\u2019\u00e9tais avait 6 ans.<br \/>Au fur et \u00e0 mesure que je grandissais, mes \u00e9motions au contact de la nature devenaient de plus en plus fortes. Comme si moi je ne faisais plus qu\u2019un tout avec elle. La pluie. Le vent. Le froid. Le soleil. La lune. Le bonheur de respirer l\u2019air pur. Je me souviens que je parlais aux oiseaux.<br \/>J\u2019ai commenc\u00e9 \u00e0 jouer du piano \u00e0 l\u2019\u00e2ge de 5 ans. Mon Professeur \u00e9tait \u00e2g\u00e9 de 80 ans. Il \u00e9tait Ier Prix de violon au conservatoire de Lille. Au d\u00e9but il paraissait aust\u00e8re. Il \u00e9tait tr\u00e8s patient! J\u2019avoue que j\u2019\u00e9tais bien plus attir\u00e9e par la cage avec deux superbes perroquets qu\u2019il y avait dans la pi\u00e8ce o\u00f9 on travaillait que pour le piano, les gammes et le m\u00e9tronome.<br \/>Avec les jours, le Professeur a transform\u00e9 sa pr\u00e9sence aust\u00e8re dans une figure pleine de douceur et de patience. Il avait appris \u00e0 respecter mon rythme de travail tant et si bien que, \u00e0 l\u2019\u00e2ge de 10 ans, je jouais toutes les valses de Strauss et quelques pi\u00e8ces de Brahms, de nombreuses gammes.<\/p>\t\t\t\t\t\t\t\t<\/div>\n\t\t\t\t<\/div>\n\t\t\t\t<div class=\"elementor-element elementor-element-96a8c6b elementor-widget elementor-widget-image\" data-id=\"96a8c6b\" data-element_type=\"widget\" data-e-type=\"widget\" data-widget_type=\"image.default\">\n\t\t\t\t<div class=\"elementor-widget-container\">\n\t\t\t\t\t\t\t\t\t\t\t\t\t\t\t<img decoding=\"async\" width=\"563\" height=\"809\" src=\"https:\/\/ferrancremades.es\/wp-content\/uploads\/2024\/08\/Maria-peignant-dehors.jpg\" class=\"attachment-large size-large wp-image-3904\" alt=\"\" srcset=\"https:\/\/ferrancremades.es\/wp-content\/uploads\/2024\/08\/Maria-peignant-dehors.jpg 563w, https:\/\/ferrancremades.es\/wp-content\/uploads\/2024\/08\/Maria-peignant-dehors-209x300.jpg 209w\" sizes=\"(max-width: 563px) 100vw, 563px\" \/>\t\t\t\t\t\t\t\t\t\t\t\t\t\t\t<\/div>\n\t\t\t\t<\/div>\n\t\t\t\t<div class=\"elementor-element elementor-element-d8fb01d elementor-widget elementor-widget-text-editor\" data-id=\"d8fb01d\" data-element_type=\"widget\" data-e-type=\"widget\" data-widget_type=\"text-editor.default\">\n\t\t\t\t<div class=\"elementor-widget-container\">\n\t\t\t\t\t\t\t\t\t<p style=\"text-align: justify;\">Avec la Nature je connais la Terre Promise. Je ne cherche pas le vent qui me parle comme un absolu, j\u2019esp\u00e8re juste entendre l\u2019\u00e9cho d\u2019un sentiment. On peut dire qu\u2019au d\u00e9but je fais des essais sur la repr\u00e9sentation de l\u2019arbre parce que jamais je n\u2019ai pas trouv\u00e9 une r\u00e9ponse satisfaisante, mais un chemin de recherches constantes qui m\u2019a permis la d\u00e9couverte des tr\u00e9sors. Jour apr\u00e8s jour je m\u2019effor\u00e7ais de dominer le vide de la toile. C\u2019est une lutte quotidienne du temps qui passe ensuite. Une lutte de mes peurs et de mes espoirs.<\/p>\t\t\t\t\t\t\t\t<\/div>\n\t\t\t\t<\/div>\n\t\t\t\t<div class=\"elementor-element elementor-element-4666627 elementor-widget elementor-widget-image\" data-id=\"4666627\" data-element_type=\"widget\" data-e-type=\"widget\" data-widget_type=\"image.default\">\n\t\t\t\t<div class=\"elementor-widget-container\">\n\t\t\t\t\t\t\t\t\t\t\t\t<figure class=\"wp-caption\">\n\t\t\t\t\t\t\t\t\t\t<img loading=\"lazy\" decoding=\"async\" width=\"1020\" height=\"369\" src=\"https:\/\/ferrancremades.es\/wp-content\/uploads\/2024\/08\/Malo-les-Bains-1024x370.jpg\" class=\"attachment-large size-large wp-image-3923\" alt=\"\" srcset=\"https:\/\/ferrancremades.es\/wp-content\/uploads\/2024\/08\/Malo-les-Bains-1024x370.jpg 1024w, https:\/\/ferrancremades.es\/wp-content\/uploads\/2024\/08\/Malo-les-Bains-300x108.jpg 300w, https:\/\/ferrancremades.es\/wp-content\/uploads\/2024\/08\/Malo-les-Bains-768x277.jpg 768w, https:\/\/ferrancremades.es\/wp-content\/uploads\/2024\/08\/Malo-les-Bains-1536x554.jpg 1536w, https:\/\/ferrancremades.es\/wp-content\/uploads\/2024\/08\/Malo-les-Bains-e1724864938362.jpg 800w\" sizes=\"(max-width: 1020px) 100vw, 1020px\" \/>\t\t\t\t\t\t\t\t\t\t\t<figcaption class=\"widget-image-caption wp-caption-text\">MALO les BAINS. Coupure journal. La plage o\u00f9 l\u2019Artiste a fait ses premiers pas.<\/figcaption>\n\t\t\t\t\t\t\t\t\t\t<\/figure>\n\t\t\t\t\t\t\t\t\t<\/div>\n\t\t\t\t<\/div>\n\t\t\t\t<div class=\"elementor-element elementor-element-2b73a55 elementor-widget elementor-widget-text-editor\" data-id=\"2b73a55\" data-element_type=\"widget\" data-e-type=\"widget\" data-widget_type=\"text-editor.default\">\n\t\t\t\t<div class=\"elementor-widget-container\">\n\t\t\t\t\t\t\t\t\t<p style=\"text-align: justify;\">Je me souviens des fen\u00eatres ouvertes et la pluie qui tombait sur la mer. Je me souviens de l\u2019\u00e2ge de l\u2019innocence o\u00f9 parfois les choses arrivent sans qu\u2019on les attende. Je me souviens du vent qui soulevait des nuages de sable. Le sel de mer dans mes yeux et mes l\u00e8vres. Ce ciel plein de nuages qui chevauchaient sur des taches d\u2019encre noire. Cette Mer du Nord \u00e9clair\u00e9e par des tons gris, verts et bleus. Ce rivage de sables ocre et jaune fonc\u00e9. Les poissons avec des \u00e9cailles d\u2019argent et des tons bleus. Tout est enregistr\u00e9 dans ma m\u00e9moire. M\u00eame aujourd\u2019hui, quand mon doigt est tach\u00e9 de peinture, je pense aux vagues de la Mer du Nord.<\/p>\t\t\t\t\t\t\t\t<\/div>\n\t\t\t\t<\/div>\n\t\t\t\t<div class=\"elementor-element elementor-element-b9c0a8f elementor-widget elementor-widget-image\" data-id=\"b9c0a8f\" data-element_type=\"widget\" data-e-type=\"widget\" data-widget_type=\"image.default\">\n\t\t\t\t<div class=\"elementor-widget-container\">\n\t\t\t\t\t\t\t\t\t\t\t\t<figure class=\"wp-caption\">\n\t\t\t\t\t\t\t\t\t\t<img loading=\"lazy\" decoding=\"async\" width=\"1020\" height=\"764\" src=\"https:\/\/ferrancremades.es\/wp-content\/uploads\/2024\/08\/LOCEAN-INFINI-MARIE-MOREAU-1024x767.jpg\" class=\"attachment-large size-large wp-image-3922\" alt=\"\" srcset=\"https:\/\/ferrancremades.es\/wp-content\/uploads\/2024\/08\/LOCEAN-INFINI-MARIE-MOREAU-1024x767.jpg 1024w, https:\/\/ferrancremades.es\/wp-content\/uploads\/2024\/08\/LOCEAN-INFINI-MARIE-MOREAU-300x225.jpg 300w, https:\/\/ferrancremades.es\/wp-content\/uploads\/2024\/08\/LOCEAN-INFINI-MARIE-MOREAU-768x576.jpg 768w, https:\/\/ferrancremades.es\/wp-content\/uploads\/2024\/08\/LOCEAN-INFINI-MARIE-MOREAU-e1724864490550.jpg 800w\" sizes=\"(max-width: 1020px) 100vw, 1020px\" \/>\t\t\t\t\t\t\t\t\t\t\t<figcaption class=\"widget-image-caption wp-caption-text\">L\u2019OCEAN INFINI. Huile et collage avec des \u00e9l\u00e9ments naturels. 2020<\/figcaption>\n\t\t\t\t\t\t\t\t\t\t<\/figure>\n\t\t\t\t\t\t\t\t\t<\/div>\n\t\t\t\t<\/div>\n\t\t\t\t<div class=\"elementor-element elementor-element-9e2864d elementor-widget elementor-widget-text-editor\" data-id=\"9e2864d\" data-element_type=\"widget\" data-e-type=\"widget\" data-widget_type=\"text-editor.default\">\n\t\t\t\t<div class=\"elementor-widget-container\">\n\t\t\t\t\t\t\t\t\t<p style=\"text-align: justify;\">La plage est un chemin sans fin. Assise au bord de la mer, l\u2019artiste regarde l\u00b4horizon apr\u00e8s le long voyage. Bient\u00f4t elle per\u00e7oit le parfum d&#8217;un air frais qui sent les roses sauvages et qui lui \u00e9voque les ann\u00e9es de son enfance. Dans ses yeux elle a des larmes qui ont le go\u00fbt du sel et de sable. L\u2019artiste sent la nostalgie des oeuvres qui sont sorties de l\u2019atelier pour traverser d&#8217;autres oc\u00e9ans et atteindre des endroits inconnus. C\u2019est la beaut\u00e9 de la Nature qui a gu\u00e9rie toutes ses blessures. La journ\u00e9e est belle malgr\u00e9 la couleur gris plomb qui tombe du ciel. Le vent siffle partout. Le printemps est venu et le vide de l\u2019horizon se remplit de vie.<\/p>\t\t\t\t\t\t\t\t<\/div>\n\t\t\t\t<\/div>\n\t\t\t\t<div class=\"elementor-element elementor-element-c0cda95 elementor-widget elementor-widget-image\" data-id=\"c0cda95\" data-element_type=\"widget\" data-e-type=\"widget\" data-widget_type=\"image.default\">\n\t\t\t\t<div class=\"elementor-widget-container\">\n\t\t\t\t\t\t\t\t\t\t\t\t<figure class=\"wp-caption\">\n\t\t\t\t\t\t\t\t\t\t<img loading=\"lazy\" decoding=\"async\" width=\"1020\" height=\"510\" src=\"https:\/\/ferrancremades.es\/wp-content\/uploads\/2024\/08\/ArtCultura_M_Moreau_2_femmes_des_ames_soeurs-1024x512.jpg\" class=\"attachment-large size-large wp-image-2813\" alt=\"\" srcset=\"https:\/\/ferrancremades.es\/wp-content\/uploads\/2024\/08\/ArtCultura_M_Moreau_2_femmes_des_ames_soeurs-1024x512.jpg 1024w, https:\/\/ferrancremades.es\/wp-content\/uploads\/2024\/08\/ArtCultura_M_Moreau_2_femmes_des_ames_soeurs-300x150.jpg 300w, https:\/\/ferrancremades.es\/wp-content\/uploads\/2024\/08\/ArtCultura_M_Moreau_2_femmes_des_ames_soeurs-768x384.jpg 768w, https:\/\/ferrancremades.es\/wp-content\/uploads\/2024\/08\/ArtCultura_M_Moreau_2_femmes_des_ames_soeurs.jpg 1200w\" sizes=\"(max-width: 1020px) 100vw, 1020px\" \/>\t\t\t\t\t\t\t\t\t\t\t<figcaption class=\"widget-image-caption wp-caption-text\">DES \u00c2MES SOEUR. Huile 2013<\/figcaption>\n\t\t\t\t\t\t\t\t\t\t<\/figure>\n\t\t\t\t\t\t\t\t\t<\/div>\n\t\t\t\t<\/div>\n\t\t\t\t<div class=\"elementor-element elementor-element-0b17329 elementor-widget elementor-widget-text-editor\" data-id=\"0b17329\" data-element_type=\"widget\" data-e-type=\"widget\" data-widget_type=\"text-editor.default\">\n\t\t\t\t<div class=\"elementor-widget-container\">\n\t\t\t\t\t\t\t\t\t<p style=\"text-align: justify;\">Dans l&#8217;art, il n&#8217;y a pas de doutes. Il y a des certitudes. Le nu est le miroir de la beaut\u00e9 et aussi de la v\u00e9rit\u00e9. Dans l&#8217;intimit\u00e9 il y a le nu de la contemplation et le nu de la possession. Le nu r\u00e9gi par l&#8217;intensit\u00e9 de l&#8217;instinct ou de l&#8217;amour le plus doux. Il n&#8217;y a pas d\u2019oeil surveillant, pas de regard r\u00e9pressif du voisin. On go\u00fbte les plaisirs du nu qui se balancent dans une houle de pens\u00e9es \u00e9rotiques qui laisse intacte une essence \u00e9lev\u00e9e et parfaitement pure. Quand la nuit est venue, le nu d\u00e9borde toutes les limites sous l&#8217;ombre de l&#8217;arbre de l&#8217;amour ou sous un ciel \u00e9toil\u00e9.<\/p>\t\t\t\t\t\t\t\t<\/div>\n\t\t\t\t<\/div>\n\t\t\t\t<div class=\"elementor-element elementor-element-0e0b8dd elementor-widget-divider--view-line elementor-widget elementor-widget-divider\" data-id=\"0e0b8dd\" data-element_type=\"widget\" data-e-type=\"widget\" data-widget_type=\"divider.default\">\n\t\t\t\t<div class=\"elementor-widget-container\">\n\t\t\t\t\t\t\t<div class=\"elementor-divider\">\n\t\t\t<span class=\"elementor-divider-separator\">\n\t\t\t\t\t\t<\/span>\n\t\t<\/div>\n\t\t\t\t\t\t<\/div>\n\t\t\t\t<\/div>\n\t\t\t\t<div class=\"elementor-element elementor-element-be71faa elementor-widget elementor-widget-text-editor\" data-id=\"be71faa\" data-element_type=\"widget\" data-e-type=\"widget\" data-widget_type=\"text-editor.default\">\n\t\t\t\t<div class=\"elementor-widget-container\">\n\t\t\t\t\t\t\t\t\t<p style=\"text-align: center;\"><strong><em>Le livre catalogue L&#8217;Oc\u00e9an Infini est tr\u00e8s dense et complet.<\/em><\/strong><\/p><p style=\"text-align: center;\"><em><strong> Nous vous invitons donc \u00e0 le consulter au format PDF, afin que vous puissiez en profiter dans sa version compl\u00e8te&#8230;<\/strong><\/em><\/p>\t\t\t\t\t\t\t\t<\/div>\n\t\t\t\t<\/div>\n\t\t\t\t<div class=\"elementor-element elementor-element-941f200 elementor-align-center elementor-widget elementor-widget-button\" data-id=\"941f200\" data-element_type=\"widget\" data-e-type=\"widget\" data-widget_type=\"button.default\">\n\t\t\t\t<div class=\"elementor-widget-container\">\n\t\t\t\t\t\t\t\t\t<div class=\"elementor-button-wrapper\">\n\t\t\t\t\t<a class=\"elementor-button elementor-button-link elementor-size-sm\" href=\"https:\/\/ferrancremades.es\/wp-content\/uploads\/2024\/L_OCEAN_INFINI_MARIE_MOREAU.pdf\" target=\"_blank\">\n\t\t\t\t\t\t<span class=\"elementor-button-content-wrapper\">\n\t\t\t\t\t\t\t\t\t<span class=\"elementor-button-text\">Version PDF<\/span>\n\t\t\t\t\t<\/span>\n\t\t\t\t\t<\/a>\n\t\t\t\t<\/div>\n\t\t\t\t\t\t\t\t<\/div>\n\t\t\t\t<\/div>\n\t\t\t\t<div class=\"elementor-element elementor-element-3660899 elementor-widget-divider--view-line elementor-widget elementor-widget-divider\" data-id=\"3660899\" data-element_type=\"widget\" data-e-type=\"widget\" data-widget_type=\"divider.default\">\n\t\t\t\t<div class=\"elementor-widget-container\">\n\t\t\t\t\t\t\t<div class=\"elementor-divider\">\n\t\t\t<span class=\"elementor-divider-separator\">\n\t\t\t\t\t\t<\/span>\n\t\t<\/div>\n\t\t\t\t\t\t<\/div>\n\t\t\t\t<\/div>\n\t\t\t\t<div class=\"elementor-element elementor-element-8d70ddf elementor-widget elementor-widget-text-editor\" data-id=\"8d70ddf\" data-element_type=\"widget\" data-e-type=\"widget\" data-widget_type=\"text-editor.default\">\n\t\t\t\t<div class=\"elementor-widget-container\">\n\t\t\t\t\t\t\t\t\t<p style=\"text-align: left;\">Livre Catalogue: L\u2019OC\u00c9AN INFINI. Marie Moreau.<br \/>Couverture: LES ASTRES. Encre et collage. 2020.<br \/>Textes: \u00a9 Ferran Cremades: Le Langage artistique de Marie Moreau.<br \/>Mise en page: Roger Cerver\u00f3 Fuster \u2013 2020.<br \/>Impression: Septembre 2020.<\/p>\t\t\t\t\t\t\t\t<\/div>\n\t\t\t\t<\/div>\n\t\t\t\t<div class=\"elementor-element elementor-element-001f3a3 elementor-widget elementor-widget-spacer\" data-id=\"001f3a3\" data-element_type=\"widget\" data-e-type=\"widget\" data-widget_type=\"spacer.default\">\n\t\t\t\t<div class=\"elementor-widget-container\">\n\t\t\t\t\t\t\t<div class=\"elementor-spacer\">\n\t\t\t<div class=\"elementor-spacer-inner\"><\/div>\n\t\t<\/div>\n\t\t\t\t\t\t<\/div>\n\t\t\t\t<\/div>\n\t\t\t\t<div class=\"elementor-element elementor-element-966d8f2 elementor-widget elementor-widget-image\" data-id=\"966d8f2\" data-element_type=\"widget\" data-e-type=\"widget\" data-widget_type=\"image.default\">\n\t\t\t\t<div class=\"elementor-widget-container\">\n\t\t\t\t\t\t\t\t\t\t\t\t<figure class=\"wp-caption\">\n\t\t\t\t\t\t\t\t\t\t<img decoding=\"async\" src=\"https:\/\/ferrancremades.es\/wp-content\/uploads\/elementor\/thumbs\/Marie-avec-Noe-e1724865953184-qta8o8b77v0ye3vsqxrrskllp3e75gc8r29p0eula8.jpg\" title=\"Marie avec Noe\" alt=\"Marie avec Noe\" loading=\"lazy\" \/>\t\t\t\t\t\t\t\t\t\t\t<figcaption class=\"widget-image-caption wp-caption-text\">Marie avec Noe<\/figcaption>\n\t\t\t\t\t\t\t\t\t\t<\/figure>\n\t\t\t\t\t\t\t\t\t<\/div>\n\t\t\t\t<\/div>\n\t\t\t\t\t<\/div>\n\t\t\t\t<\/div>\n\t\t<div class=\"elementor-element elementor-element-b8991d5 e-flex e-con-boxed e-con e-parent\" data-id=\"b8991d5\" data-element_type=\"container\" data-e-type=\"container\">\n\t\t\t\t\t<div class=\"e-con-inner\">\n\t\t\t\t<div class=\"elementor-element elementor-element-dd1c68b elementor-widget elementor-widget-spacer\" data-id=\"dd1c68b\" data-element_type=\"widget\" data-e-type=\"widget\" data-widget_type=\"spacer.default\">\n\t\t\t\t<div class=\"elementor-widget-container\">\n\t\t\t\t\t\t\t<div class=\"elementor-spacer\">\n\t\t\t<div class=\"elementor-spacer-inner\"><\/div>\n\t\t<\/div>\n\t\t\t\t\t\t<\/div>\n\t\t\t\t<\/div>\n\t\t\t\t\t<\/div>\n\t\t\t\t<\/div>\n\t\t\t\t<\/div>\n\t\t","protected":false},"excerpt":{"rendered":"<div class=\"entry-summary\">\n<div class=\"entry-summary\">\nMarie Moreau L&#8217;OC\u00c9AN INFINI LES ASTRES. Encre et collage. 2020 Ferran Cremades&hellip;\n<\/div>\n<div class=\"link-more\"><a href=\"https:\/\/ferrancremades.es\/index.php\/art__cultura\/marie-moreau\/\" class=\"more-link\">Seguir leyendo<span class=\"screen-reader-text\"> &ldquo;4.1.9 Marie Moreau&rdquo;<\/span>&hellip;<\/a><\/div>\n<\/div>\n<div class=\"link-more\"><a href=\"https:\/\/ferrancremades.es\/index.php\/art__cultura\/marie-moreau\/\" class=\"more-link\">Seguir leyendo<span class=\"screen-reader-text\"> &ldquo;4.1.9 Marie Moreau&rdquo;<\/span>&hellip;<\/a><\/div>\n","protected":false},"author":1,"featured_media":0,"parent":2811,"menu_order":0,"comment_status":"closed","ping_status":"closed","template":"elementor_header_footer","meta":{"_acf_changed":false,"_monsterinsights_skip_tracking":false,"_monsterinsights_sitenote_active":false,"_monsterinsights_sitenote_note":"","_monsterinsights_sitenote_category":0,"_joinchat":[],"footnotes":""},"class_list":["post-3898","page","type-page","status-publish","hentry","entry"],"acf":[],"aioseo_notices":[],"_links":{"self":[{"href":"https:\/\/ferrancremades.es\/index.php\/wp-json\/wp\/v2\/pages\/3898","targetHints":{"allow":["GET"]}}],"collection":[{"href":"https:\/\/ferrancremades.es\/index.php\/wp-json\/wp\/v2\/pages"}],"about":[{"href":"https:\/\/ferrancremades.es\/index.php\/wp-json\/wp\/v2\/types\/page"}],"author":[{"embeddable":true,"href":"https:\/\/ferrancremades.es\/index.php\/wp-json\/wp\/v2\/users\/1"}],"replies":[{"embeddable":true,"href":"https:\/\/ferrancremades.es\/index.php\/wp-json\/wp\/v2\/comments?post=3898"}],"version-history":[{"count":50,"href":"https:\/\/ferrancremades.es\/index.php\/wp-json\/wp\/v2\/pages\/3898\/revisions"}],"predecessor-version":[{"id":4762,"href":"https:\/\/ferrancremades.es\/index.php\/wp-json\/wp\/v2\/pages\/3898\/revisions\/4762"}],"up":[{"embeddable":true,"href":"https:\/\/ferrancremades.es\/index.php\/wp-json\/wp\/v2\/pages\/2811"}],"wp:attachment":[{"href":"https:\/\/ferrancremades.es\/index.php\/wp-json\/wp\/v2\/media?parent=3898"}],"curies":[{"name":"wp","href":"https:\/\/api.w.org\/{rel}","templated":true}]}}