{"id":3432,"date":"2024-08-26T11:29:09","date_gmt":"2024-08-26T11:29:09","guid":{"rendered":"https:\/\/ferrancremades.es\/?page_id=3432"},"modified":"2024-08-26T15:23:55","modified_gmt":"2024-08-26T15:23:55","slug":"atelier","status":"publish","type":"page","link":"https:\/\/ferrancremades.es\/index.php\/inicio\/atelier\/","title":{"rendered":"1.1-ATELIER"},"content":{"rendered":"\t\t<div data-elementor-type=\"wp-page\" data-elementor-id=\"3432\" class=\"elementor elementor-3432\">\n\t\t\t\t<div class=\"elementor-element elementor-element-50e0e5f1 e-flex e-con-boxed e-con e-parent\" data-id=\"50e0e5f1\" data-element_type=\"container\" data-e-type=\"container\">\n\t\t\t\t\t<div class=\"e-con-inner\">\n\t\t\t\t<div class=\"elementor-element elementor-element-6e9061a2 elementor-widget elementor-widget-text-editor\" data-id=\"6e9061a2\" data-element_type=\"widget\" data-e-type=\"widget\" data-widget_type=\"text-editor.default\">\n\t\t\t\t<div class=\"elementor-widget-container\">\n\t\t\t\t\t\t\t\t\t\n<h2 class=\"has-text-align-center wp-block-heading\" style=\"text-align: center;\">SIGNIFICADO DE ATELIER<\/h2>\n<p style=\"text-align: justify;\">La palabra <strong>atelier,<\/strong> es de origen franc\u00e9s,\u00a0 su traducci\u00f3n literal ser\u00eda taller, pero su peso simb\u00f3lico alrededor del creador va mucho m\u00e1s all\u00e1 que el de un taller al uso.<\/p>\n<p style=\"text-align: justify;\">Si buscamos en la R.A.E. <strong>qu\u00e9 significa atelier<\/strong>, su definici\u00f3n\u00a0 principal tambi\u00e9n es la de taller, pero asociada siempre al creador, a la actividad humana, y al espacio en el que realiza su oficio. Aqu\u00ed recorreremos la vinculaci\u00f3n del t\u00e9rmino con el artista, con el <strong>ESCRITOR&#8230;<\/strong><\/p>\n\t\t\t\t\t\t\t\t<\/div>\n\t\t\t\t<\/div>\n\t\t\t\t<div class=\"elementor-element elementor-element-61f7c26 elementor-widget elementor-widget-image\" data-id=\"61f7c26\" data-element_type=\"widget\" data-e-type=\"widget\" data-widget_type=\"image.default\">\n\t\t\t\t<div class=\"elementor-widget-container\">\n\t\t\t\t\t\t\t\t\t\t\t\t\t\t\t<img fetchpriority=\"high\" decoding=\"async\" width=\"1020\" height=\"1020\" src=\"https:\/\/ferrancremades.es\/wp-content\/uploads\/2024\/08\/Atelier-RB-003-1-1024x1024.jpg\" class=\"attachment-large size-large wp-image-2767\" alt=\"\" srcset=\"https:\/\/ferrancremades.es\/wp-content\/uploads\/2024\/08\/Atelier-RB-003-1-1024x1024.jpg 1024w, https:\/\/ferrancremades.es\/wp-content\/uploads\/2024\/08\/Atelier-RB-003-1-300x300.jpg 300w, https:\/\/ferrancremades.es\/wp-content\/uploads\/2024\/08\/Atelier-RB-003-1-150x150.jpg 150w, https:\/\/ferrancremades.es\/wp-content\/uploads\/2024\/08\/Atelier-RB-003-1-768x768.jpg 768w, https:\/\/ferrancremades.es\/wp-content\/uploads\/2024\/08\/Atelier-RB-003-1-1536x1536.jpg 1536w, https:\/\/ferrancremades.es\/wp-content\/uploads\/2024\/08\/elementor\/thumbs\/Atelier-RB-003-1-qsvp0f3gsdv60sts8tdc8pf8bx3itofg3viaoairsw.jpg 800w, https:\/\/ferrancremades.es\/wp-content\/uploads\/2024\/08\/Atelier-RB-003-1.jpg 2048w\" sizes=\"(max-width: 1020px) 100vw, 1020px\" \/>\t\t\t\t\t\t\t\t\t\t\t\t\t\t\t<\/div>\n\t\t\t\t<\/div>\n\t\t\t\t<div class=\"elementor-element elementor-element-9f55bdc elementor-widget elementor-widget-spacer\" data-id=\"9f55bdc\" data-element_type=\"widget\" data-e-type=\"widget\" data-widget_type=\"spacer.default\">\n\t\t\t\t<div class=\"elementor-widget-container\">\n\t\t\t\t\t\t\t<div class=\"elementor-spacer\">\n\t\t\t<div class=\"elementor-spacer-inner\"><\/div>\n\t\t<\/div>\n\t\t\t\t\t\t<\/div>\n\t\t\t\t<\/div>\n\t\t\t\t<div class=\"elementor-element elementor-element-662685e elementor-widget elementor-widget-text-editor\" data-id=\"662685e\" data-element_type=\"widget\" data-e-type=\"widget\" data-widget_type=\"text-editor.default\">\n\t\t\t\t<div class=\"elementor-widget-container\">\n\t\t\t\t\t\t\t\t\t<h3 style=\"text-align: center;\"><strong>el atelier de ferran cremades<br \/><\/strong><\/h3>\t\t\t\t\t\t\t\t<\/div>\n\t\t\t\t<\/div>\n\t\t\t\t<div class=\"elementor-element elementor-element-863bfac elementor-widget elementor-widget-text-editor\" data-id=\"863bfac\" data-element_type=\"widget\" data-e-type=\"widget\" data-widget_type=\"text-editor.default\">\n\t\t\t\t<div class=\"elementor-widget-container\">\n\t\t\t\t\t\t\t\t\t<p>El atelier de Ferran Cremades es&#8230; \u00bfc\u00f3mo decirlo?&#8230;<br \/>-Su dominio<br \/>-Su reino<br \/>-Su orden desordenado<br \/>-Su castillo<br \/>-Su refugio<br \/>-Su mar, del que surgir\u00e1n las ideas de su inspiraci\u00f3n&#8230;<\/p>\t\t\t\t\t\t\t\t<\/div>\n\t\t\t\t<\/div>\n\t\t\t\t<div class=\"elementor-element elementor-element-a6c5f08 elementor-widget elementor-widget-image-gallery\" data-id=\"a6c5f08\" data-element_type=\"widget\" data-e-type=\"widget\" data-widget_type=\"image-gallery.default\">\n\t\t\t\t<div class=\"elementor-widget-container\">\n\t\t\t\t\t\t\t<div class=\"elementor-image-gallery\">\n\t\t\t<div id='gallery-1' class='gallery galleryid-3432 gallery-columns-2 gallery-size-thumbnail'><figure class='gallery-item'>\n\t\t\t<div class='gallery-icon portrait'>\n\t\t\t\t<a data-elementor-open-lightbox=\"yes\" data-elementor-lightbox-slideshow=\"a6c5f08\" data-elementor-lightbox-title=\"Atelier boligrafos Ferran\" data-e-action-hash=\"#elementor-action%3Aaction%3Dlightbox%26settings%3DeyJpZCI6MzQ1MiwidXJsIjoiaHR0cHM6XC9cL2ZlcnJhbmNyZW1hZGVzLmVzXC93cC1jb250ZW50XC91cGxvYWRzXC8yMDI0XC8wOFwvQXRlbGllci1ib2xpZ3JhZm9zLUZlcnJhbi5qcGciLCJzbGlkZXNob3ciOiJhNmM1ZjA4In0%3D\" href='https:\/\/ferrancremades.es\/wp-content\/uploads\/2024\/08\/Atelier-boligrafos-Ferran.jpg'><img decoding=\"async\" width=\"150\" height=\"150\" src=\"https:\/\/ferrancremades.es\/wp-content\/uploads\/2024\/08\/Atelier-boligrafos-Ferran-150x150.jpg\" class=\"attachment-thumbnail size-thumbnail\" alt=\"\" \/><\/a>\n\t\t\t<\/div><\/figure><figure class='gallery-item'>\n\t\t\t<div class='gallery-icon landscape'>\n\t\t\t\t<a data-elementor-open-lightbox=\"yes\" data-elementor-lightbox-slideshow=\"a6c5f08\" data-elementor-lightbox-title=\"Atelier Cuenco luz estrellas\" data-e-action-hash=\"#elementor-action%3Aaction%3Dlightbox%26settings%3DeyJpZCI6MzQ1MywidXJsIjoiaHR0cHM6XC9cL2ZlcnJhbmNyZW1hZGVzLmVzXC93cC1jb250ZW50XC91cGxvYWRzXC8yMDI0XC8wOFwvQXRlbGllci1DdWVuY28tbHV6LWVzdHJlbGxhcy5qcGciLCJzbGlkZXNob3ciOiJhNmM1ZjA4In0%3D\" href='https:\/\/ferrancremades.es\/wp-content\/uploads\/2024\/08\/Atelier-Cuenco-luz-estrellas.jpg'><img decoding=\"async\" width=\"150\" height=\"150\" src=\"https:\/\/ferrancremades.es\/wp-content\/uploads\/2024\/08\/Atelier-Cuenco-luz-estrellas-150x150.jpg\" class=\"attachment-thumbnail size-thumbnail\" alt=\"\" \/><\/a>\n\t\t\t<\/div><\/figure><figure class='gallery-item'>\n\t\t\t<div class='gallery-icon portrait'>\n\t\t\t\t<a data-elementor-open-lightbox=\"yes\" data-elementor-lightbox-slideshow=\"a6c5f08\" data-elementor-lightbox-title=\"Atelier desde entrada zona estufa\" data-e-action-hash=\"#elementor-action%3Aaction%3Dlightbox%26settings%3DeyJpZCI6MzQ1NCwidXJsIjoiaHR0cHM6XC9cL2ZlcnJhbmNyZW1hZGVzLmVzXC93cC1jb250ZW50XC91cGxvYWRzXC8yMDI0XC8wOFwvQXRlbGllci1kZXNkZS1lbnRyYWRhLXpvbmEtZXN0dWZhLmpwZyIsInNsaWRlc2hvdyI6ImE2YzVmMDgifQ%3D%3D\" href='https:\/\/ferrancremades.es\/wp-content\/uploads\/2024\/08\/Atelier-desde-entrada-zona-estufa.jpg'><img loading=\"lazy\" decoding=\"async\" width=\"150\" height=\"150\" src=\"https:\/\/ferrancremades.es\/wp-content\/uploads\/2024\/08\/Atelier-desde-entrada-zona-estufa-150x150.jpg\" class=\"attachment-thumbnail size-thumbnail\" alt=\"\" \/><\/a>\n\t\t\t<\/div><\/figure><figure class='gallery-item'>\n\t\t\t<div class='gallery-icon landscape'>\n\t\t\t\t<a data-elementor-open-lightbox=\"yes\" data-elementor-lightbox-slideshow=\"a6c5f08\" data-elementor-lightbox-title=\"Atelier Estufa Lenya\" data-e-action-hash=\"#elementor-action%3Aaction%3Dlightbox%26settings%3DeyJpZCI6MzQ1NSwidXJsIjoiaHR0cHM6XC9cL2ZlcnJhbmNyZW1hZGVzLmVzXC93cC1jb250ZW50XC91cGxvYWRzXC8yMDI0XC8wOFwvQXRlbGllci1Fc3R1ZmEtTGVueWEuanBnIiwic2xpZGVzaG93IjoiYTZjNWYwOCJ9\" href='https:\/\/ferrancremades.es\/wp-content\/uploads\/2024\/08\/Atelier-Estufa-Lenya.jpg'><img loading=\"lazy\" decoding=\"async\" width=\"150\" height=\"150\" src=\"https:\/\/ferrancremades.es\/wp-content\/uploads\/2024\/08\/Atelier-Estufa-Lenya-150x150.jpg\" class=\"attachment-thumbnail size-thumbnail\" alt=\"\" \/><\/a>\n\t\t\t<\/div><\/figure><figure class='gallery-item'>\n\t\t\t<div class='gallery-icon portrait'>\n\t\t\t\t<a data-elementor-open-lightbox=\"yes\" data-elementor-lightbox-slideshow=\"a6c5f08\" data-elementor-lightbox-title=\"Atelier librer\u00eda acristalada\" data-e-action-hash=\"#elementor-action%3Aaction%3Dlightbox%26settings%3DeyJpZCI6MzQ1NiwidXJsIjoiaHR0cHM6XC9cL2ZlcnJhbmNyZW1hZGVzLmVzXC93cC1jb250ZW50XC91cGxvYWRzXC8yMDI0XC8wOFwvQXRlbGllci1saWJyZXJpYS1hY3Jpc3RhbGFkYS5qcGciLCJzbGlkZXNob3ciOiJhNmM1ZjA4In0%3D\" href='https:\/\/ferrancremades.es\/wp-content\/uploads\/2024\/08\/Atelier-libreria-acristalada.jpg'><img loading=\"lazy\" decoding=\"async\" width=\"150\" height=\"150\" src=\"https:\/\/ferrancremades.es\/wp-content\/uploads\/2024\/08\/Atelier-libreria-acristalada-150x150.jpg\" class=\"attachment-thumbnail size-thumbnail\" alt=\"\" \/><\/a>\n\t\t\t<\/div><\/figure><figure class='gallery-item'>\n\t\t\t<div class='gallery-icon portrait'>\n\t\t\t\t<a data-elementor-open-lightbox=\"yes\" data-elementor-lightbox-slideshow=\"a6c5f08\" data-elementor-lightbox-title=\"Atelier librer\u00eda escalera\" data-e-action-hash=\"#elementor-action%3Aaction%3Dlightbox%26settings%3DeyJpZCI6MzQ1NywidXJsIjoiaHR0cHM6XC9cL2ZlcnJhbmNyZW1hZGVzLmVzXC93cC1jb250ZW50XC91cGxvYWRzXC8yMDI0XC8wOFwvQXRlbGllci1saWJyZXJpYS1lc2NhbGVyYS5qcGciLCJzbGlkZXNob3ciOiJhNmM1ZjA4In0%3D\" href='https:\/\/ferrancremades.es\/wp-content\/uploads\/2024\/08\/Atelier-libreria-escalera.jpg'><img loading=\"lazy\" decoding=\"async\" width=\"150\" height=\"150\" src=\"https:\/\/ferrancremades.es\/wp-content\/uploads\/2024\/08\/Atelier-libreria-escalera-150x150.jpg\" class=\"attachment-thumbnail size-thumbnail\" alt=\"\" \/><\/a>\n\t\t\t<\/div><\/figure><figure class='gallery-item'>\n\t\t\t<div class='gallery-icon landscape'>\n\t\t\t\t<a data-elementor-open-lightbox=\"yes\" data-elementor-lightbox-slideshow=\"a6c5f08\" data-elementor-lightbox-title=\"Atelier RB 001\" data-e-action-hash=\"#elementor-action%3Aaction%3Dlightbox%26settings%3DeyJpZCI6MzQ1OCwidXJsIjoiaHR0cHM6XC9cL2ZlcnJhbmNyZW1hZGVzLmVzXC93cC1jb250ZW50XC91cGxvYWRzXC8yMDI0XC8wOFwvQXRlbGllci1SQi0wMDEuanBnIiwic2xpZGVzaG93IjoiYTZjNWYwOCJ9\" href='https:\/\/ferrancremades.es\/wp-content\/uploads\/2024\/08\/Atelier-RB-001.jpg'><img loading=\"lazy\" decoding=\"async\" width=\"150\" height=\"150\" src=\"https:\/\/ferrancremades.es\/wp-content\/uploads\/2024\/08\/Atelier-RB-001-150x150.jpg\" class=\"attachment-thumbnail size-thumbnail\" alt=\"\" \/><\/a>\n\t\t\t<\/div><\/figure><figure class='gallery-item'>\n\t\t\t<div class='gallery-icon portrait'>\n\t\t\t\t<a data-elementor-open-lightbox=\"yes\" data-elementor-lightbox-slideshow=\"a6c5f08\" data-elementor-lightbox-title=\"Atelier RB 002\" data-e-action-hash=\"#elementor-action%3Aaction%3Dlightbox%26settings%3DeyJpZCI6MzQ1OSwidXJsIjoiaHR0cHM6XC9cL2ZlcnJhbmNyZW1hZGVzLmVzXC93cC1jb250ZW50XC91cGxvYWRzXC8yMDI0XC8wOFwvQXRlbGllci1SQi0wMDIuanBnIiwic2xpZGVzaG93IjoiYTZjNWYwOCJ9\" href='https:\/\/ferrancremades.es\/wp-content\/uploads\/2024\/08\/Atelier-RB-002.jpg'><img loading=\"lazy\" decoding=\"async\" width=\"150\" height=\"150\" src=\"https:\/\/ferrancremades.es\/wp-content\/uploads\/2024\/08\/Atelier-RB-002-150x150.jpg\" class=\"attachment-thumbnail size-thumbnail\" alt=\"\" \/><\/a>\n\t\t\t<\/div><\/figure><figure class='gallery-item'>\n\t\t\t<div class='gallery-icon portrait'>\n\t\t\t\t<a data-elementor-open-lightbox=\"yes\" data-elementor-lightbox-slideshow=\"a6c5f08\" data-elementor-lightbox-title=\"Atelier RB 004\" data-e-action-hash=\"#elementor-action%3Aaction%3Dlightbox%26settings%3DeyJpZCI6MzQ2MCwidXJsIjoiaHR0cHM6XC9cL2ZlcnJhbmNyZW1hZGVzLmVzXC93cC1jb250ZW50XC91cGxvYWRzXC8yMDI0XC8wOFwvQXRlbGllci1SQi0wMDQuanBnIiwic2xpZGVzaG93IjoiYTZjNWYwOCJ9\" href='https:\/\/ferrancremades.es\/wp-content\/uploads\/2024\/08\/Atelier-RB-004.jpg'><img loading=\"lazy\" decoding=\"async\" width=\"150\" height=\"150\" src=\"https:\/\/ferrancremades.es\/wp-content\/uploads\/2024\/08\/Atelier-RB-004-150x150.jpg\" class=\"attachment-thumbnail size-thumbnail\" alt=\"\" \/><\/a>\n\t\t\t<\/div><\/figure><figure class='gallery-item'>\n\t\t\t<div class='gallery-icon portrait'>\n\t\t\t\t<a data-elementor-open-lightbox=\"yes\" data-elementor-lightbox-slideshow=\"a6c5f08\" data-elementor-lightbox-title=\"Atelier RB 005 tapiz SBS\" data-e-action-hash=\"#elementor-action%3Aaction%3Dlightbox%26settings%3DeyJpZCI6MzQ2MSwidXJsIjoiaHR0cHM6XC9cL2ZlcnJhbmNyZW1hZGVzLmVzXC93cC1jb250ZW50XC91cGxvYWRzXC8yMDI0XC8wOFwvQXRlbGllci1SQi0wMDUtdGFwaXotU0JTLmpwZyIsInNsaWRlc2hvdyI6ImE2YzVmMDgifQ%3D%3D\" href='https:\/\/ferrancremades.es\/wp-content\/uploads\/2024\/08\/Atelier-RB-005-tapiz-SBS.jpg'><img loading=\"lazy\" decoding=\"async\" width=\"150\" height=\"150\" src=\"https:\/\/ferrancremades.es\/wp-content\/uploads\/2024\/08\/Atelier-RB-005-tapiz-SBS-150x150.jpg\" class=\"attachment-thumbnail size-thumbnail\" alt=\"\" \/><\/a>\n\t\t\t<\/div><\/figure>\n\t\t<\/div>\n\t\t<\/div>\n\t\t\t\t\t\t<\/div>\n\t\t\t\t<\/div>\n\t\t\t\t<div class=\"elementor-element elementor-element-1ee620c elementor-widget elementor-widget-text-editor\" data-id=\"1ee620c\" data-element_type=\"widget\" data-e-type=\"widget\" data-widget_type=\"text-editor.default\">\n\t\t\t\t<div class=\"elementor-widget-container\">\n\t\t\t\t\t\t\t\t\t<p>Repleto de obras de arte, de bocetos, de apuntes, de textos inacabados (siempre lo est\u00e1n, aunque en alg\u00fan momento los saca para que vean la luz del d\u00eda, incluso para que lleguen al editor y los podamos disfrutar el resto de los mortales en formato papel o digital)&#8230;<br \/>Se entremezclan libros de referencia, de documentaci\u00f3n, propios y de otros autores, con pinturas venidas de todos los lugares y de todos los artistas que Ferran ha frecuentado a lo largo de estos a\u00f1os de viajero incansable.<br \/>Dibujos propios, cuadros de culto, objetos recolectados de procedencia norteafricana, francesa, espa\u00f1ola&#8230;<br \/>Todo ello, configura el ambiente ideal, el entorno escogido por el escritor para crear, para hacer surgir las palabras que formar\u00e1n sus textos, sus ensayos, sus libros, en definitiva, la obra del artista que lleva dentro&#8230;<\/p>\t\t\t\t\t\t\t\t<\/div>\n\t\t\t\t<\/div>\n\t\t\t\t<div class=\"elementor-element elementor-element-1a89173 elementor-widget elementor-widget-image\" data-id=\"1a89173\" data-element_type=\"widget\" data-e-type=\"widget\" data-widget_type=\"image.default\">\n\t\t\t\t<div class=\"elementor-widget-container\">\n\t\t\t\t\t\t\t\t\t\t\t\t<figure class=\"wp-caption\">\n\t\t\t\t\t\t\t\t\t\t<img loading=\"lazy\" decoding=\"async\" width=\"1020\" height=\"574\" src=\"https:\/\/ferrancremades.es\/wp-content\/uploads\/2024\/08\/Ventanal-exterior-by-RB-1024x576.jpg\" class=\"attachment-large size-large wp-image-3382\" alt=\"\" srcset=\"https:\/\/ferrancremades.es\/wp-content\/uploads\/2024\/08\/Ventanal-exterior-by-RB-1024x576.jpg 1024w, https:\/\/ferrancremades.es\/wp-content\/uploads\/2024\/08\/Ventanal-exterior-by-RB-300x169.jpg 300w, https:\/\/ferrancremades.es\/wp-content\/uploads\/2024\/08\/Ventanal-exterior-by-RB-768x432.jpg 768w, https:\/\/ferrancremades.es\/wp-content\/uploads\/2024\/08\/Ventanal-exterior-by-RB.jpg 1366w\" sizes=\"(max-width: 1020px) 100vw, 1020px\" \/>\t\t\t\t\t\t\t\t\t\t\t<figcaption class=\"widget-image-caption wp-caption-text\">Foto de RogerBOSS. Ventanal exterior. Estudio del autor.<\/figcaption>\n\t\t\t\t\t\t\t\t\t\t<\/figure>\n\t\t\t\t\t\t\t\t\t<\/div>\n\t\t\t\t<\/div>\n\t\t\t\t<div class=\"elementor-element elementor-element-fb0aadf elementor-widget elementor-widget-link-in-bio\" data-id=\"fb0aadf\" data-element_type=\"widget\" data-e-type=\"widget\" data-widget_type=\"link-in-bio.default\">\n\t\t\t\t<div class=\"elementor-widget-container\">\n\t\t\t\t\t\t\t<div class=\"e-link-in-bio e-link-in-bio\">\n\t\t\t<div class=\"e-link-in-bio__content\">\n\n\t\t\t\t\t\t<div class=\"e-link-in-bio__identity\">\n\t\t\t\t\t\t\t\t\t<div class=\"e-link-in-bio__identity-image e-link-in-bio__identity-image-profile has-style-circle\">\n\t\t\t\t\t\t\t<img loading=\"lazy\" decoding=\"async\" width=\"211\" height=\"240\" src=\"https:\/\/ferrancremades.es\/wp-content\/uploads\/2024\/08\/Juan-Miguel-Morales.jpg\" class=\"e-link-in-bio__identity-image-element\" alt=\"\" \/>\t\t\t\t\t\t\t\t\t\t\t\t\t<\/div>\n\t\t\t\t\t\t\t<\/div>\n\t\t\t\t\t<div class=\"e-link-in-bio__bio\">\n\t\t\t\t<h2 class=\"e-link-in-bio__heading\">FERRAN CREMADES<\/h2>\t\t\t\t<h3 class=\"e-link-in-bio__title\">ESCRITOR<\/h3>\t\t\t\t\t\t\t\t<p class=\"e-link-in-bio__description\">Acomp\u00e1\u00f1ame en mi viaje a trav\u00e9s de mis publicaciones y trabajos relacionados con la Literatura, el Arte y La Cultura.<\/p>\t\t\t<\/div>\n\t\t\t\t\t<div class=\"e-link-in-bio__icons has-size-small\">\n\t\t\t\t\t\t\t<div class=\"e-link-in-bio__icon is-size-small\">\n\t\t\t\t\t<a href=\"https:\/\/www.facebook.com\/ferran.cremades.1\" target=\"_blank\" rel=\"noopener \" aria-label=\"Facebook\" class=\"e-link-in-bio__icon-link\">\n\t\t\t\t\t\t<span class=\"e-link-in-bio__icon-svg\">\n\t\t\t\t\t\t\t<svg aria-hidden=\"true\" class=\"e-font-icon-svg e-fab-facebook\" viewBox=\"0 0 512 512\" xmlns=\"http:\/\/www.w3.org\/2000\/svg\"><path d=\"M504 256C504 119 393 8 256 8S8 119 8 256c0 123.78 90.69 226.38 209.25 245V327.69h-63V256h63v-54.64c0-62.15 37-96.48 93.67-96.48 27.14 0 55.52 4.84 55.52 4.84v61h-31.28c-30.8 0-40.41 19.12-40.41 38.73V256h68.78l-11 71.69h-57.78V501C413.31 482.38 504 379.78 504 256z\"><\/path><\/svg>\t\t\t\t\t\t<\/span>\n\t\t\t\t\t\t\t\t\t\t\t<\/a>\n\t\t\t\t<\/div>\n\t\t\t\t\t\t\t<div class=\"e-link-in-bio__icon is-size-small\">\n\t\t\t\t\t<a href=\"https:\/\/www.instagram.com\/ferrancremades\/\" target=\"_blank\" rel=\"noopener \" aria-label=\"Instagram\" class=\"e-link-in-bio__icon-link\">\n\t\t\t\t\t\t<span class=\"e-link-in-bio__icon-svg\">\n\t\t\t\t\t\t\t<svg aria-hidden=\"true\" class=\"e-font-icon-svg e-fab-instagram\" viewBox=\"0 0 448 512\" xmlns=\"http:\/\/www.w3.org\/2000\/svg\"><path d=\"M224.1 141c-63.6 0-114.9 51.3-114.9 114.9s51.3 114.9 114.9 114.9S339 319.5 339 255.9 287.7 141 224.1 141zm0 189.6c-41.1 0-74.7-33.5-74.7-74.7s33.5-74.7 74.7-74.7 74.7 33.5 74.7 74.7-33.6 74.7-74.7 74.7zm146.4-194.3c0 14.9-12 26.8-26.8 26.8-14.9 0-26.8-12-26.8-26.8s12-26.8 26.8-26.8 26.8 12 26.8 26.8zm76.1 27.2c-1.7-35.9-9.9-67.7-36.2-93.9-26.2-26.2-58-34.4-93.9-36.2-37-2.1-147.9-2.1-184.9 0-35.8 1.7-67.6 9.9-93.9 36.1s-34.4 58-36.2 93.9c-2.1 37-2.1 147.9 0 184.9 1.7 35.9 9.9 67.7 36.2 93.9s58 34.4 93.9 36.2c37 2.1 147.9 2.1 184.9 0 35.9-1.7 67.7-9.9 93.9-36.2 26.2-26.2 34.4-58 36.2-93.9 2.1-37 2.1-147.8 0-184.8zM398.8 388c-7.8 19.6-22.9 34.7-42.6 42.6-29.5 11.7-99.5 9-132.1 9s-102.7 2.6-132.1-9c-19.6-7.8-34.7-22.9-42.6-42.6-11.7-29.5-9-99.5-9-132.1s-2.6-102.7 9-132.1c7.8-19.6 22.9-34.7 42.6-42.6 29.5-11.7 99.5-9 132.1-9s102.7-2.6 132.1 9c19.6 7.8 34.7 22.9 42.6 42.6 11.7 29.5 9 99.5 9 132.1s2.7 102.7-9 132.1z\"><\/path><\/svg>\t\t\t\t\t\t<\/span>\n\t\t\t\t\t\t\t\t\t\t\t<\/a>\n\t\t\t\t<\/div>\n\t\t\t\t\t\t\t<div class=\"e-link-in-bio__icon is-size-small\">\n\t\t\t\t\t<a href=\"https:\/\/x.com\/Ferran_Cremades\" target=\"_blank\" rel=\"noopener \" aria-label=\"X (Twitter)\" class=\"e-link-in-bio__icon-link\">\n\t\t\t\t\t\t<span class=\"e-link-in-bio__icon-svg\">\n\t\t\t\t\t\t\t<svg aria-hidden=\"true\" class=\"e-font-icon-svg e-fab-x-twitter\" viewBox=\"0 0 512 512\" xmlns=\"http:\/\/www.w3.org\/2000\/svg\"><path d=\"M389.2 48h70.6L305.6 224.2 487 464H345L233.7 318.6 106.5 464H35.8L200.7 275.5 26.8 48H172.4L272.9 180.9 389.2 48zM364.4 421.8h39.1L151.1 88h-42L364.4 421.8z\"><\/path><\/svg>\t\t\t\t\t\t<\/span>\n\t\t\t\t\t\t\t\t\t\t\t<\/a>\n\t\t\t\t<\/div>\n\t\t\t\t\t<\/div>\n\t\t\n\t\t<div class=\"e-link-in-bio__ctas has-type-button\">\n\t\t\t\t\t\t\t<a href=\"https:\/\/ferrancremades.es\/index.php\/biografia\/\" class=\"e-link-in-bio__cta is-type-button has-corners-rounded\">\n\t\t\t\t\t\t\t\t\t\t<span class=\"e-link-in-bio__cta-text\">\n\t\t\t\t\t\tBiograf\u00eda\t\t\t\t\t<\/span>\n\t\t\t\t<\/a>\n\t\t\t\t\t\t\t<a href=\"https:\/\/ferrancremades.es\/index.php\/bibliografia\/\" class=\"e-link-in-bio__cta is-type-button has-corners-rounded\">\n\t\t\t\t\t\t\t\t\t\t<span class=\"e-link-in-bio__cta-text\">\n\t\t\t\t\t\tBibliograf\u00eda\t\t\t\t\t<\/span>\n\t\t\t\t<\/a>\n\t\t\t\t\t\t\t<a href=\"https:\/\/ferrancremades.es\/index.php\/art__cultura\/\" class=\"e-link-in-bio__cta is-type-button has-corners-rounded\">\n\t\t\t\t\t\t\t\t\t\t<span class=\"e-link-in-bio__cta-text\">\n\t\t\t\t\t\tArt &amp; Cultura\t\t\t\t\t<\/span>\n\t\t\t\t<\/a>\n\t\t\t\t\t\t\t<a href=\"https:\/\/ferrancremades.es\/index.php\/contactar\/\" class=\"e-link-in-bio__cta is-type-button has-corners-rounded\">\n\t\t\t\t\t\t\t\t\t\t<span class=\"e-link-in-bio__cta-text\">\n\t\t\t\t\t\tContactar\t\t\t\t\t<\/span>\n\t\t\t\t<\/a>\n\t\t\t\t\t<\/div>\n\t\t\n\t\t\t<\/div>\n\t\t\t<div class=\"e-link-in-bio__bg\">\n\t\t\t\t<div class=\"e-link-in-bio__bg-overlay\"><\/div>\n\t\t\t<\/div>\n\t\t<\/div>\n\t\t\t\t\t\t<\/div>\n\t\t\t\t<\/div>\n\t\t\t\t\t<\/div>\n\t\t\t\t<\/div>\n\t\t\t\t<\/div>\n\t\t","protected":false},"excerpt":{"rendered":"<div class=\"entry-summary\">\n<div class=\"entry-summary\">\nSIGNIFICADO DE ATELIER La palabra atelier, es de origen franc\u00e9s,\u00a0 su traducci\u00f3n&hellip;\n<\/div>\n<div class=\"link-more\"><a href=\"https:\/\/ferrancremades.es\/index.php\/inicio\/atelier\/\" class=\"more-link\">Seguir leyendo<span class=\"screen-reader-text\"> &ldquo;1.1-ATELIER&rdquo;<\/span>&hellip;<\/a><\/div>\n<\/div>\n<div class=\"link-more\"><a href=\"https:\/\/ferrancremades.es\/index.php\/inicio\/atelier\/\" class=\"more-link\">Seguir leyendo<span class=\"screen-reader-text\"> &ldquo;1.1-ATELIER&rdquo;<\/span>&hellip;<\/a><\/div>\n","protected":false},"author":1,"featured_media":0,"parent":2,"menu_order":0,"comment_status":"closed","ping_status":"closed","template":"","meta":{"_acf_changed":false,"_monsterinsights_skip_tracking":false,"_monsterinsights_sitenote_active":false,"_monsterinsights_sitenote_note":"","_monsterinsights_sitenote_category":0,"_joinchat":[],"footnotes":""},"class_list":["post-3432","page","type-page","status-publish","hentry","entry"],"acf":[],"aioseo_notices":[],"_links":{"self":[{"href":"https:\/\/ferrancremades.es\/index.php\/wp-json\/wp\/v2\/pages\/3432","targetHints":{"allow":["GET"]}}],"collection":[{"href":"https:\/\/ferrancremades.es\/index.php\/wp-json\/wp\/v2\/pages"}],"about":[{"href":"https:\/\/ferrancremades.es\/index.php\/wp-json\/wp\/v2\/types\/page"}],"author":[{"embeddable":true,"href":"https:\/\/ferrancremades.es\/index.php\/wp-json\/wp\/v2\/users\/1"}],"replies":[{"embeddable":true,"href":"https:\/\/ferrancremades.es\/index.php\/wp-json\/wp\/v2\/comments?post=3432"}],"version-history":[{"count":22,"href":"https:\/\/ferrancremades.es\/index.php\/wp-json\/wp\/v2\/pages\/3432\/revisions"}],"predecessor-version":[{"id":3473,"href":"https:\/\/ferrancremades.es\/index.php\/wp-json\/wp\/v2\/pages\/3432\/revisions\/3473"}],"up":[{"embeddable":true,"href":"https:\/\/ferrancremades.es\/index.php\/wp-json\/wp\/v2\/pages\/2"}],"wp:attachment":[{"href":"https:\/\/ferrancremades.es\/index.php\/wp-json\/wp\/v2\/media?parent=3432"}],"curies":[{"name":"wp","href":"https:\/\/api.w.org\/{rel}","templated":true}]}}