{"id":2982,"date":"2024-08-21T18:47:17","date_gmt":"2024-08-21T18:47:17","guid":{"rendered":"https:\/\/ferrancremades.es\/?page_id=2982"},"modified":"2024-09-02T10:20:43","modified_gmt":"2024-09-02T08:20:43","slug":"romans-en-francais","status":"publish","type":"page","link":"https:\/\/ferrancremades.es\/index.php\/bibliografia\/romans-en-francais\/","title":{"rendered":"3.2 ROMANS EN FRAN\u00c7AIS"},"content":{"rendered":"\t\t<div data-elementor-type=\"wp-page\" data-elementor-id=\"2982\" class=\"elementor elementor-2982\">\n\t\t\t\t<div class=\"elementor-element elementor-element-3e536ebe e-flex e-con-boxed e-con e-parent\" data-id=\"3e536ebe\" data-element_type=\"container\" data-e-type=\"container\">\n\t\t\t\t\t<div class=\"e-con-inner\">\n\t\t\t\t<div class=\"elementor-element elementor-element-a427b97 elementor-widget-divider--view-line elementor-widget elementor-widget-divider\" data-id=\"a427b97\" data-element_type=\"widget\" data-e-type=\"widget\" data-widget_type=\"divider.default\">\n\t\t\t\t<div class=\"elementor-widget-container\">\n\t\t\t\t\t\t\t<div class=\"elementor-divider\">\n\t\t\t<span class=\"elementor-divider-separator\">\n\t\t\t\t\t\t<\/span>\n\t\t<\/div>\n\t\t\t\t\t\t<\/div>\n\t\t\t\t<\/div>\n\t\t<div class=\"elementor-element elementor-element-b9eba46 e-grid e-con-full e-con e-child\" data-id=\"b9eba46\" data-element_type=\"container\" data-e-type=\"container\">\n\t\t\t\t<div class=\"elementor-element elementor-element-667ac7d elementor-position-top elementor-widget elementor-widget-image-box\" data-id=\"667ac7d\" data-element_type=\"widget\" data-e-type=\"widget\" data-widget_type=\"image-box.default\">\n\t\t\t\t<div class=\"elementor-widget-container\">\n\t\t\t\t\t<div class=\"elementor-image-box-wrapper\"><figure class=\"elementor-image-box-img\"><a href=\"https:\/\/ferrancremades.es\/index.php\/bibliografia\/romans-en-francais\/la-cause-cachee\/\" tabindex=\"-1\"><img fetchpriority=\"high\" decoding=\"async\" width=\"800\" height=\"800\" src=\"https:\/\/ferrancremades.es\/wp-content\/uploads\/2024\/08\/Le-Cause-Cachee-800x800-1.jpg\" class=\"attachment-full size-full wp-image-3051\" alt=\"\" srcset=\"https:\/\/ferrancremades.es\/wp-content\/uploads\/2024\/08\/Le-Cause-Cachee-800x800-1.jpg 800w, https:\/\/ferrancremades.es\/wp-content\/uploads\/2024\/08\/Le-Cause-Cachee-800x800-1-300x300.jpg 300w, https:\/\/ferrancremades.es\/wp-content\/uploads\/2024\/08\/Le-Cause-Cachee-800x800-1-150x150.jpg 150w, https:\/\/ferrancremades.es\/wp-content\/uploads\/2024\/08\/Le-Cause-Cachee-800x800-1-768x768.jpg 768w\" sizes=\"(max-width: 800px) 100vw, 800px\" \/><\/a><\/figure><div class=\"elementor-image-box-content\"><h3 class=\"elementor-image-box-title\"><a href=\"https:\/\/ferrancremades.es\/index.php\/bibliografia\/romans-en-francais\/la-cause-cachee\/\">la cause cach\u00e9e<\/a><\/h3><\/div><\/div>\t\t\t\t<\/div>\n\t\t\t\t<\/div>\n\t\t\t\t<div class=\"elementor-element elementor-element-f46dde5 elementor-position-top elementor-widget elementor-widget-image-box\" data-id=\"f46dde5\" data-element_type=\"widget\" data-e-type=\"widget\" data-widget_type=\"image-box.default\">\n\t\t\t\t<div class=\"elementor-widget-container\">\n\t\t\t\t\t<div class=\"elementor-image-box-wrapper\"><figure class=\"elementor-image-box-img\"><a href=\"https:\/\/ferrancremades.es\/index.php\/bibliografia\/romans-en-francais\/ligne-brisee\/\" tabindex=\"-1\"><img decoding=\"async\" width=\"800\" height=\"800\" src=\"https:\/\/ferrancremades.es\/wp-content\/uploads\/2024\/08\/COUVERTURE-LIGNE-BRISEE-800.jpg\" class=\"attachment-full size-full wp-image-3056\" alt=\"\" srcset=\"https:\/\/ferrancremades.es\/wp-content\/uploads\/2024\/08\/COUVERTURE-LIGNE-BRISEE-800.jpg 800w, https:\/\/ferrancremades.es\/wp-content\/uploads\/2024\/08\/COUVERTURE-LIGNE-BRISEE-800-300x300.jpg 300w, https:\/\/ferrancremades.es\/wp-content\/uploads\/2024\/08\/COUVERTURE-LIGNE-BRISEE-800-150x150.jpg 150w, https:\/\/ferrancremades.es\/wp-content\/uploads\/2024\/08\/COUVERTURE-LIGNE-BRISEE-800-768x768.jpg 768w\" sizes=\"(max-width: 800px) 100vw, 800px\" \/><\/a><\/figure><div class=\"elementor-image-box-content\"><h3 class=\"elementor-image-box-title\"><a href=\"https:\/\/ferrancremades.es\/index.php\/bibliografia\/romans-en-francais\/ligne-brisee\/\">LIGNE BRIS\u00c9E<\/a><\/h3><\/div><\/div>\t\t\t\t<\/div>\n\t\t\t\t<\/div>\n\t\t\t\t<\/div>\n\t\t<div class=\"elementor-element elementor-element-826cf43 e-con-full e-flex e-con e-child\" data-id=\"826cf43\" data-element_type=\"container\" data-e-type=\"container\">\n\t\t\t\t<div class=\"elementor-element elementor-element-aeeec14 elementor-widget-divider--view-line elementor-widget elementor-widget-divider\" data-id=\"aeeec14\" data-element_type=\"widget\" data-e-type=\"widget\" data-widget_type=\"divider.default\">\n\t\t\t\t<div class=\"elementor-widget-container\">\n\t\t\t\t\t\t\t<div class=\"elementor-divider\">\n\t\t\t<span class=\"elementor-divider-separator\">\n\t\t\t\t\t\t<\/span>\n\t\t<\/div>\n\t\t\t\t\t\t<\/div>\n\t\t\t\t<\/div>\n\t\t\t\t<div class=\"elementor-element elementor-element-1f82fb6 elementor-widget elementor-widget-text-editor\" data-id=\"1f82fb6\" data-element_type=\"widget\" data-e-type=\"widget\" data-widget_type=\"text-editor.default\">\n\t\t\t\t<div class=\"elementor-widget-container\">\n\t\t\t\t\t\t\t\t\t<p>NOVEAUT\u00c9<\/p>\t\t\t\t\t\t\t\t<\/div>\n\t\t\t\t<\/div>\n\t\t\t\t<div class=\"elementor-element elementor-element-435fdfe elementor-widget elementor-widget-image\" data-id=\"435fdfe\" data-element_type=\"widget\" data-e-type=\"widget\" data-widget_type=\"image.default\">\n\t\t\t\t<div class=\"elementor-widget-container\">\n\t\t\t\t\t\t\t\t\t\t\t\t\t\t\t\t<a href=\"https:\/\/ferrancremades.es\/index.php\/bibliografia\/romans-en-francais\/la-cause-cachee\/\">\n\t\t\t\t\t\t\t<img decoding=\"async\" width=\"632\" height=\"264\" src=\"https:\/\/ferrancremades.es\/wp-content\/uploads\/2024\/08\/240806_Cause_Cachee_02-1024x428.jpg\" class=\"attachment-large size-large wp-image-2529\" alt=\"\" srcset=\"https:\/\/ferrancremades.es\/wp-content\/uploads\/2024\/08\/240806_Cause_Cachee_02-1024x428.jpg 1024w, https:\/\/ferrancremades.es\/wp-content\/uploads\/2024\/08\/240806_Cause_Cachee_02-300x125.jpg 300w, https:\/\/ferrancremades.es\/wp-content\/uploads\/2024\/08\/240806_Cause_Cachee_02-768x321.jpg 768w, https:\/\/ferrancremades.es\/wp-content\/uploads\/2024\/08\/240806_Cause_Cachee_02-1536x642.jpg 1536w, https:\/\/ferrancremades.es\/wp-content\/uploads\/2024\/08\/240806_Cause_Cachee_02-1020x426.jpg 1020w, https:\/\/ferrancremades.es\/wp-content\/uploads\/2024\/08\/240806_Cause_Cachee_02.jpg 1640w\" sizes=\"(max-width: 632px) 100vw, 632px\" \/>\t\t\t\t\t\t\t\t<\/a>\n\t\t\t\t\t\t\t\t\t\t\t\t\t\t\t<\/div>\n\t\t\t\t<\/div>\n\t\t\t\t<\/div>\n\t\t\t\t\t<\/div>\n\t\t\t\t<\/div>\n\t\t\t\t<\/div>\n\t\t","protected":false},"excerpt":{"rendered":"<div class=\"entry-summary\">\n<div class=\"entry-summary\">\nla cause cach\u00e9e LIGNE BRIS\u00c9E NOVEAUT\u00c9\n<\/div>\n<div class=\"link-more\"><a href=\"https:\/\/ferrancremades.es\/index.php\/bibliografia\/romans-en-francais\/\" class=\"more-link\">Seguir leyendo<span class=\"screen-reader-text\"> &ldquo;3.2 ROMANS EN FRAN\u00c7AIS&rdquo;<\/span>&hellip;<\/a><\/div>\n<\/div>\n<div class=\"link-more\"><a href=\"https:\/\/ferrancremades.es\/index.php\/bibliografia\/romans-en-francais\/\" class=\"more-link\">Seguir leyendo<span class=\"screen-reader-text\"> &ldquo;3.2 ROMANS EN FRAN\u00c7AIS&rdquo;<\/span>&hellip;<\/a><\/div>\n","protected":false},"author":1,"featured_media":0,"parent":2500,"menu_order":0,"comment_status":"closed","ping_status":"closed","template":"","meta":{"_acf_changed":false,"_monsterinsights_skip_tracking":false,"_monsterinsights_sitenote_active":false,"_monsterinsights_sitenote_note":"","_monsterinsights_sitenote_category":0,"_joinchat":[],"footnotes":""},"class_list":["post-2982","page","type-page","status-publish","hentry","entry"],"acf":[],"aioseo_notices":[],"_links":{"self":[{"href":"https:\/\/ferrancremades.es\/index.php\/wp-json\/wp\/v2\/pages\/2982","targetHints":{"allow":["GET"]}}],"collection":[{"href":"https:\/\/ferrancremades.es\/index.php\/wp-json\/wp\/v2\/pages"}],"about":[{"href":"https:\/\/ferrancremades.es\/index.php\/wp-json\/wp\/v2\/types\/page"}],"author":[{"embeddable":true,"href":"https:\/\/ferrancremades.es\/index.php\/wp-json\/wp\/v2\/users\/1"}],"replies":[{"embeddable":true,"href":"https:\/\/ferrancremades.es\/index.php\/wp-json\/wp\/v2\/comments?post=2982"}],"version-history":[{"count":29,"href":"https:\/\/ferrancremades.es\/index.php\/wp-json\/wp\/v2\/pages\/2982\/revisions"}],"predecessor-version":[{"id":4563,"href":"https:\/\/ferrancremades.es\/index.php\/wp-json\/wp\/v2\/pages\/2982\/revisions\/4563"}],"up":[{"embeddable":true,"href":"https:\/\/ferrancremades.es\/index.php\/wp-json\/wp\/v2\/pages\/2500"}],"wp:attachment":[{"href":"https:\/\/ferrancremades.es\/index.php\/wp-json\/wp\/v2\/media?parent=2982"}],"curies":[{"name":"wp","href":"https:\/\/api.w.org\/{rel}","templated":true}]}}