{"id":2811,"date":"2024-08-19T19:02:02","date_gmt":"2024-08-19T19:02:02","guid":{"rendered":"https:\/\/ferrancremades.es\/?page_id=2811"},"modified":"2024-09-02T10:14:56","modified_gmt":"2024-09-02T08:14:56","slug":"art__cultura","status":"publish","type":"page","link":"https:\/\/ferrancremades.es\/index.php\/art__cultura\/","title":{"rendered":"4-ART &#038; CULTURA"},"content":{"rendered":"\t\t<div data-elementor-type=\"wp-page\" data-elementor-id=\"2811\" class=\"elementor elementor-2811\">\n\t\t\t\t<div class=\"elementor-element elementor-element-3e536ebe e-flex e-con-boxed e-con e-parent\" data-id=\"3e536ebe\" data-element_type=\"container\" data-e-type=\"container\">\n\t\t\t\t\t<div class=\"e-con-inner\">\n\t\t<div class=\"elementor-element elementor-element-cd63111 e-grid e-con-full e-con e-child\" data-id=\"cd63111\" data-element_type=\"container\" data-e-type=\"container\">\n\t\t\t\t<div class=\"elementor-element elementor-element-3bfbf8c elementor-position-top elementor-widget elementor-widget-image-box\" data-id=\"3bfbf8c\" data-element_type=\"widget\" data-e-type=\"widget\" data-widget_type=\"image-box.default\">\n\t\t\t\t<div class=\"elementor-widget-container\">\n\t\t\t\t\t<div class=\"elementor-image-box-wrapper\"><figure class=\"elementor-image-box-img\"><a href=\"https:\/\/ferrancremades.es\/index.php\/art__cultura\/peinture\/\" tabindex=\"-1\"><img fetchpriority=\"high\" decoding=\"async\" width=\"600\" height=\"600\" src=\"https:\/\/ferrancremades.es\/wp-content\/uploads\/2024\/08\/4.1.2-Brahim-Dhahak.jpg\" class=\"attachment-full size-full wp-image-3949\" alt=\"\" srcset=\"https:\/\/ferrancremades.es\/wp-content\/uploads\/2024\/08\/4.1.2-Brahim-Dhahak.jpg 600w, https:\/\/ferrancremades.es\/wp-content\/uploads\/2024\/08\/4.1.2-Brahim-Dhahak-300x300.jpg 300w, https:\/\/ferrancremades.es\/wp-content\/uploads\/2024\/08\/4.1.2-Brahim-Dhahak-150x150.jpg 150w\" sizes=\"(max-width: 600px) 100vw, 600px\" \/><\/a><\/figure><div class=\"elementor-image-box-content\"><h3 class=\"elementor-image-box-title\"><a href=\"https:\/\/ferrancremades.es\/index.php\/art__cultura\/peinture\/\">peinture<\/a><\/h3><\/div><\/div>\t\t\t\t<\/div>\n\t\t\t\t<\/div>\n\t\t\t\t<div class=\"elementor-element elementor-element-9f5e788 elementor-position-top elementor-widget elementor-widget-image-box\" data-id=\"9f5e788\" data-element_type=\"widget\" data-e-type=\"widget\" data-widget_type=\"image-box.default\">\n\t\t\t\t<div class=\"elementor-widget-container\">\n\t\t\t\t\t<div class=\"elementor-image-box-wrapper\"><figure class=\"elementor-image-box-img\"><a href=\"https:\/\/ferrancremades.es\/index.php\/art__cultura\/pintura-2\" tabindex=\"-1\"><img decoding=\"async\" width=\"600\" height=\"600\" src=\"https:\/\/ferrancremades.es\/wp-content\/uploads\/2024\/08\/Pintura-600x600-1.jpg\" class=\"attachment-full size-full wp-image-4155\" alt=\"\" srcset=\"https:\/\/ferrancremades.es\/wp-content\/uploads\/2024\/08\/Pintura-600x600-1.jpg 600w, https:\/\/ferrancremades.es\/wp-content\/uploads\/2024\/08\/Pintura-600x600-1-300x300.jpg 300w, https:\/\/ferrancremades.es\/wp-content\/uploads\/2024\/08\/Pintura-600x600-1-150x150.jpg 150w\" sizes=\"(max-width: 600px) 100vw, 600px\" \/><\/a><\/figure><div class=\"elementor-image-box-content\"><h3 class=\"elementor-image-box-title\"><a href=\"https:\/\/ferrancremades.es\/index.php\/art__cultura\/pintura-2\">pintura<\/a><\/h3><\/div><\/div>\t\t\t\t<\/div>\n\t\t\t\t<\/div>\n\t\t\t\t<div class=\"elementor-element elementor-element-587262c elementor-position-top elementor-widget elementor-widget-image-box\" data-id=\"587262c\" data-element_type=\"widget\" data-e-type=\"widget\" data-widget_type=\"image-box.default\">\n\t\t\t\t<div class=\"elementor-widget-container\">\n\t\t\t\t\t<div class=\"elementor-image-box-wrapper\"><figure class=\"elementor-image-box-img\"><a href=\"https:\/\/ferrancremades.es\/index.php\/art__cultura\/literatura\/\" tabindex=\"-1\"><img decoding=\"async\" width=\"600\" height=\"600\" src=\"https:\/\/ferrancremades.es\/wp-content\/uploads\/2024\/08\/ELOGIO-DE-UN-ESPACIO.jpg\" class=\"attachment-full size-full wp-image-4066\" alt=\"\" srcset=\"https:\/\/ferrancremades.es\/wp-content\/uploads\/2024\/08\/ELOGIO-DE-UN-ESPACIO.jpg 600w, https:\/\/ferrancremades.es\/wp-content\/uploads\/2024\/08\/ELOGIO-DE-UN-ESPACIO-300x300.jpg 300w, https:\/\/ferrancremades.es\/wp-content\/uploads\/2024\/08\/ELOGIO-DE-UN-ESPACIO-150x150.jpg 150w\" sizes=\"(max-width: 600px) 100vw, 600px\" \/><\/a><\/figure><div class=\"elementor-image-box-content\"><h3 class=\"elementor-image-box-title\"><a href=\"https:\/\/ferrancremades.es\/index.php\/art__cultura\/literatura\/\">literatura<\/a><\/h3><\/div><\/div>\t\t\t\t<\/div>\n\t\t\t\t<\/div>\n\t\t\t\t<\/div>\n\t\t\t\t<div class=\"elementor-element elementor-element-a427b97 elementor-widget-divider--view-line elementor-widget elementor-widget-divider\" data-id=\"a427b97\" data-element_type=\"widget\" data-e-type=\"widget\" data-widget_type=\"divider.default\">\n\t\t\t\t<div class=\"elementor-widget-container\">\n\t\t\t\t\t\t\t<div class=\"elementor-divider\">\n\t\t\t<span class=\"elementor-divider-separator\">\n\t\t\t\t\t\t<\/span>\n\t\t<\/div>\n\t\t\t\t\t\t<\/div>\n\t\t\t\t<\/div>\n\t\t\t\t<div class=\"elementor-element elementor-element-79001df elementor-widget elementor-widget-spacer\" data-id=\"79001df\" data-element_type=\"widget\" data-e-type=\"widget\" data-widget_type=\"spacer.default\">\n\t\t\t\t<div class=\"elementor-widget-container\">\n\t\t\t\t\t\t\t<div class=\"elementor-spacer\">\n\t\t\t<div class=\"elementor-spacer-inner\"><\/div>\n\t\t<\/div>\n\t\t\t\t\t\t<\/div>\n\t\t\t\t<\/div>\n\t\t\t\t<div class=\"elementor-element elementor-element-6a07c66 elementor-widget elementor-widget-image\" data-id=\"6a07c66\" data-element_type=\"widget\" data-e-type=\"widget\" data-widget_type=\"image.default\">\n\t\t\t\t<div class=\"elementor-widget-container\">\n\t\t\t\t\t\t\t\t\t\t\t\t\t\t\t<img loading=\"lazy\" decoding=\"async\" width=\"629\" height=\"135\" src=\"https:\/\/ferrancremades.es\/wp-content\/uploads\/2024\/08\/Logo-Santi-Ferran-Cremades-escriptor.jpg\" class=\"attachment-large size-large wp-image-12\" alt=\"\" srcset=\"https:\/\/ferrancremades.es\/wp-content\/uploads\/2024\/08\/Logo-Santi-Ferran-Cremades-escriptor.jpg 629w, https:\/\/ferrancremades.es\/wp-content\/uploads\/2024\/08\/Logo-Santi-Ferran-Cremades-escriptor-300x64.jpg 300w\" sizes=\"(max-width: 629px) 100vw, 629px\" \/>\t\t\t\t\t\t\t\t\t\t\t\t\t\t\t<\/div>\n\t\t\t\t<\/div>\n\t\t\t\t<div class=\"elementor-element elementor-element-7df21bf elementor-widget elementor-widget-spacer\" data-id=\"7df21bf\" data-element_type=\"widget\" data-e-type=\"widget\" data-widget_type=\"spacer.default\">\n\t\t\t\t<div class=\"elementor-widget-container\">\n\t\t\t\t\t\t\t<div class=\"elementor-spacer\">\n\t\t\t<div class=\"elementor-spacer-inner\"><\/div>\n\t\t<\/div>\n\t\t\t\t\t\t<\/div>\n\t\t\t\t<\/div>\n\t\t\t\t<div class=\"elementor-element elementor-element-19c56b8 elementor-widget elementor-widget-text-editor\" data-id=\"19c56b8\" data-element_type=\"widget\" data-e-type=\"widget\" data-widget_type=\"text-editor.default\">\n\t\t\t\t<div class=\"elementor-widget-container\">\n\t\t\t\t\t\t\t\t\t<h3 style=\"text-align: center;\"><strong>LE LANGAGE DE L\u2019ART<\/strong><\/h3>\t\t\t\t\t\t\t\t<\/div>\n\t\t\t\t<\/div>\n\t\t\t\t<div class=\"elementor-element elementor-element-c51a748 elementor-widget elementor-widget-image\" data-id=\"c51a748\" data-element_type=\"widget\" data-e-type=\"widget\" data-widget_type=\"image.default\">\n\t\t\t\t<div class=\"elementor-widget-container\">\n\t\t\t\t\t\t\t\t\t\t\t\t<figure class=\"wp-caption\">\n\t\t\t\t\t\t\t\t\t\t<img loading=\"lazy\" decoding=\"async\" width=\"949\" height=\"964\" src=\"https:\/\/ferrancremades.es\/wp-content\/uploads\/2024\/08\/Ferran-by-JM-Morales-1995.jpg\" class=\"attachment-large size-large wp-image-4167\" alt=\"\" srcset=\"https:\/\/ferrancremades.es\/wp-content\/uploads\/2024\/08\/Ferran-by-JM-Morales-1995.jpg 949w, https:\/\/ferrancremades.es\/wp-content\/uploads\/2024\/08\/Ferran-by-JM-Morales-1995-295x300.jpg 295w, https:\/\/ferrancremades.es\/wp-content\/uploads\/2024\/08\/Ferran-by-JM-Morales-1995-768x780.jpg 768w\" sizes=\"(max-width: 949px) 100vw, 949px\" \/>\t\t\t\t\t\t\t\t\t\t\t<figcaption class=\"widget-image-caption wp-caption-text\">\u00a9 Photo : Juan Miguel Morales, 1995<\/figcaption>\n\t\t\t\t\t\t\t\t\t\t<\/figure>\n\t\t\t\t\t\t\t\t\t<\/div>\n\t\t\t\t<\/div>\n\t\t\t\t<div class=\"elementor-element elementor-element-30c719d elementor-widget elementor-widget-text-editor\" data-id=\"30c719d\" data-element_type=\"widget\" data-e-type=\"widget\" data-widget_type=\"text-editor.default\">\n\t\t\t\t<div class=\"elementor-widget-container\">\n\t\t\t\t\t\t\t\t\t<h3 style=\"text-align: left;\"><strong>i<\/strong><\/h3>\t\t\t\t\t\t\t\t<\/div>\n\t\t\t\t<\/div>\n\t\t\t\t<div class=\"elementor-element elementor-element-fad547e elementor-widget elementor-widget-text-editor\" data-id=\"fad547e\" data-element_type=\"widget\" data-e-type=\"widget\" data-widget_type=\"text-editor.default\">\n\t\t\t\t<div class=\"elementor-widget-container\">\n\t\t\t\t\t\t\t\t\t<p style=\"text-align: justify;\">Le langage de l\u2019art est le sens qui per\u00e7oit et r\u00e9v\u00e8le les \u00e9lans et les battements d\u2019\u00e9motions et de sentiments, tout ce qui pendant un temps est rest\u00e9 invisible et cach\u00e9 aux yeux des autres et se d\u00e9place vers la d\u00e9couverte de la conscience qu\u2019ont les personnes de leurs actes par rapport \u00e0 leur environnement.<\/p><p style=\"text-align: justify;\">Au c\u0153ur de la grotte de Lascaux, on tente d\u2019\u00e9claircir les \u00e9nigmes des peintures en regardant les figures des chevaux qui galopent avec la crini\u00e8re au vent. L\u2019architecture sacr\u00e9e en \u00c9gypte cr\u00e9e une sensation d\u2019\u00e9garement tant les colonnes sont aussi immenses et \u00e9normes que l\u2019homme s\u2019y sent infiniment petit.<\/p><p style=\"text-align: justify;\">Le sculpteur grec Phidias, aussi inconnu que renomm\u00e9, repr\u00e9sente l\u2019image de l\u2019Ath\u00e9na Lemnia, sans armure, son casque \u00e0 la main, jeune et songeuse, comme la source de la pens\u00e9e, comme une d\u00e9esse constructrice de la connaissance et de la civilisation.<\/p><p style=\"text-align: justify;\">A l\u2019\u00e9poque m\u00e9di\u00e9vale, les cath\u00e9drales, o\u00f9 r\u00e9gnait la puissance de Dieu, ont une fonction de surveillance et de contr\u00f4le. Les pieux artistes de ces \u00e9poques refl\u00e9taient une f\u00e9licit\u00e9 mystique et invitent \u00e0 r\u00eaver de la joie du ciel pour survivre \u00e0 tout un monde de souffrances et de catastrophes. L\u2019art de la Renaissance habite seulement dans les palais des nobles et les cours des rois, qui ne renoncent pas \u00e0 vivre le paradis sur terre.<\/p><p style=\"text-align: justify;\">Chaque culture invente sa propre exp\u00e9rience, sa propre conception de l\u2019art. Toute peinture est une structure qui nous montre l\u2019\u00e2me d\u2019un portrait, d\u2019un paysage, de certains mythes, ou croyances, ou d\u2019une architecture urbaine qui a servi de cadre pour refl\u00e9ter une coutume ou raconter un grand \u00e9v\u00e9nement de l\u2019histoire.<\/p>\t\t\t\t\t\t\t\t<\/div>\n\t\t\t\t<\/div>\n\t\t\t\t<div class=\"elementor-element elementor-element-1ab91c4 elementor-widget elementor-widget-text-editor\" data-id=\"1ab91c4\" data-element_type=\"widget\" data-e-type=\"widget\" data-widget_type=\"text-editor.default\">\n\t\t\t\t<div class=\"elementor-widget-container\">\n\t\t\t\t\t\t\t\t\t<h3 style=\"text-align: left;\"><strong>ii<\/strong><\/h3>\t\t\t\t\t\t\t\t<\/div>\n\t\t\t\t<\/div>\n\t\t\t\t<div class=\"elementor-element elementor-element-f49b121 elementor-widget elementor-widget-text-editor\" data-id=\"f49b121\" data-element_type=\"widget\" data-e-type=\"widget\" data-widget_type=\"text-editor.default\">\n\t\t\t\t<div class=\"elementor-widget-container\">\n\t\t\t\t\t\t\t\t\t<p style=\"text-align: justify;\">\u00c0 notre \u00e9poque, les panneaux d\u2019affichage, que l\u2019on voit au c\u0153ur de la ville, nous annoncent toutes sortes de produits de n\u00e9cessit\u00e9 et de luxe qui nous offrent et promettent aussi un paradis sur terre. Les villes verticales voulaient gratter le ciel en m\u00eame temps qu\u2019elles semaient le vertige entre les citoyens. Des maisons ressemblent \u00e0 des cellules d\u2019une ruche qui laissent \u00e0 peine entrer la lumi\u00e8re du jour, ce qui implique d\u00e9j\u00e0 un certain espace de confinement.<\/p><p style=\"text-align: justify;\">Avec l\u2019apparition de la photographie, \u00e9merge un jour l\u2019art impressionniste visant \u00e0 repr\u00e9senter le caract\u00e8re \u00e9ph\u00e9m\u00e8re de la lumi\u00e8re et ses effets sur les couleurs et les formes. Puis l\u2019expressionnisme \u00e9clate \u00e0 travers des couleurs violentes et des lignes ac\u00e9r\u00e9es, en d\u00e9formant la r\u00e9alit\u00e9 pour inspirer au spectateur une r\u00e9action \u00e9motionnelle.<\/p><p style=\"text-align: justify;\">L\u2019abstraction nous plonge dans le langage de l\u2019inconscient, d\u00e9j\u00e0 comme une musique qui nous renvoie aux sons du vent ou de la mer, d\u00e9j\u00e0 comme un silence qui nous renvoie \u00e0 une \u00e9motion spirituelle ou nous enfonce dans un \u00e9tat de transe. L\u2019art devient alors une lumi\u00e8re avec laquelle on d\u00e9couvre une v\u00e9rit\u00e9 cach\u00e9e, qui nous a \u00e9t\u00e9 refus\u00e9e depuis le jour de notre naissance.<\/p><p style=\"text-align: justify;\">Aujourd\u2019hui, l\u2019\u0153il qui voit tout est compos\u00e9 de cam\u00e9ras que nous voyons dispers\u00e9es dans les coins des places, dans les b\u00e2timents des avenues et des portes des grands h\u00f4tels et qui remplissent une fonction de protection, mais aussi de surveillance. On plonge dans un monde d\u2019incertitudes et d\u2019intrigues et on essaie d\u2019\u00e9viter tout contact comme si l\u2019on craignait la contagion d\u2019un virus ou d\u2019une bact\u00e9rie.<\/p><p style=\"text-align: justify;\">Au c\u0153ur de la ville on peut voir des murs pleins de graffitis et d\u2019\u00e9tranges calligraphies qui entourent des portes totalement sombres et fissur\u00e9es dans des lieux abandonn\u00e9s. Dans les avenues et les rues, on voit des silhouettes avec leurs visages inclin\u00e9s vers leurs mobiles. On ne regarde que la lumi\u00e8re de nos t\u00e9l\u00e9phones mobiles. Surtout, on \u00e9vite tout contact avec l\u2019autre.<\/p><p style=\"text-align: justify;\">Vraiment on habite dans une \u00e9poque fluide o\u00f9 tout coule sans cesse, o\u00f9 les \u00e9lans, les \u00e9motions et les sentiments circulent partout, sans que rien ne puisse avoir un support fixe. Le destin de l\u2019art, depuis des si\u00e8cles, est de rechercher des nouvelles formes de rencontres entre l\u2019homme et son environnement pour prendre conscience que nous sommes n\u00e9s les uns pour les autres.\u00a0<\/p>\t\t\t\t\t\t\t\t<\/div>\n\t\t\t\t<\/div>\n\t\t\t\t<div class=\"elementor-element elementor-element-91d1e7c elementor-widget elementor-widget-text-editor\" data-id=\"91d1e7c\" data-element_type=\"widget\" data-e-type=\"widget\" data-widget_type=\"text-editor.default\">\n\t\t\t\t<div class=\"elementor-widget-container\">\n\t\t\t\t\t\t\t\t\t<p style=\"text-align: right;\"><strong>Ferran Cremades i Arlandis<br \/><\/strong><strong>Cit\u00e9 Jardin AUSIAS MARCH, Automne 2020<\/strong><\/p>\t\t\t\t\t\t\t\t<\/div>\n\t\t\t\t<\/div>\n\t\t<div class=\"elementor-element elementor-element-826cf43 e-con-full e-flex e-con e-child\" data-id=\"826cf43\" data-element_type=\"container\" data-e-type=\"container\">\n\t\t\t\t<\/div>\n\t\t\t\t\t<\/div>\n\t\t\t\t<\/div>\n\t\t\t\t<\/div>\n\t\t","protected":false},"excerpt":{"rendered":"<div class=\"entry-summary\">\n<div class=\"entry-summary\">\npeinture pintura literatura LE LANGAGE DE L\u2019ART \u00a9 Photo : Juan Miguel&hellip;\n<\/div>\n<div class=\"link-more\"><a href=\"https:\/\/ferrancremades.es\/index.php\/art__cultura\/\" class=\"more-link\">Seguir leyendo<span class=\"screen-reader-text\"> &ldquo;4-ART &#038; CULTURA&rdquo;<\/span>&hellip;<\/a><\/div>\n<\/div>\n<div class=\"link-more\"><a href=\"https:\/\/ferrancremades.es\/index.php\/art__cultura\/\" class=\"more-link\">Seguir leyendo<span class=\"screen-reader-text\"> &ldquo;4-ART &#038; CULTURA&rdquo;<\/span>&hellip;<\/a><\/div>\n","protected":false},"author":1,"featured_media":0,"parent":0,"menu_order":0,"comment_status":"closed","ping_status":"closed","template":"","meta":{"_acf_changed":false,"_monsterinsights_skip_tracking":false,"_monsterinsights_sitenote_active":false,"_monsterinsights_sitenote_note":"","_monsterinsights_sitenote_category":0,"_joinchat":[],"footnotes":""},"class_list":["post-2811","page","type-page","status-publish","hentry","entry"],"acf":[],"aioseo_notices":[],"_links":{"self":[{"href":"https:\/\/ferrancremades.es\/index.php\/wp-json\/wp\/v2\/pages\/2811","targetHints":{"allow":["GET"]}}],"collection":[{"href":"https:\/\/ferrancremades.es\/index.php\/wp-json\/wp\/v2\/pages"}],"about":[{"href":"https:\/\/ferrancremades.es\/index.php\/wp-json\/wp\/v2\/types\/page"}],"author":[{"embeddable":true,"href":"https:\/\/ferrancremades.es\/index.php\/wp-json\/wp\/v2\/users\/1"}],"replies":[{"embeddable":true,"href":"https:\/\/ferrancremades.es\/index.php\/wp-json\/wp\/v2\/comments?post=2811"}],"version-history":[{"count":59,"href":"https:\/\/ferrancremades.es\/index.php\/wp-json\/wp\/v2\/pages\/2811\/revisions"}],"predecessor-version":[{"id":4548,"href":"https:\/\/ferrancremades.es\/index.php\/wp-json\/wp\/v2\/pages\/2811\/revisions\/4548"}],"wp:attachment":[{"href":"https:\/\/ferrancremades.es\/index.php\/wp-json\/wp\/v2\/media?parent=2811"}],"curies":[{"name":"wp","href":"https:\/\/api.w.org\/{rel}","templated":true}]}}