{"id":2685,"date":"2024-08-18T11:48:01","date_gmt":"2024-08-18T11:48:01","guid":{"rendered":"https:\/\/ferrancremades.es\/?page_id=2685"},"modified":"2024-09-02T10:36:49","modified_gmt":"2024-09-02T08:36:49","slug":"isabelle-boucher","status":"publish","type":"page","link":"https:\/\/ferrancremades.es\/index.php\/art__cultura\/isabelle-boucher\/","title":{"rendered":"4.1.5 Isabelle Boucher"},"content":{"rendered":"\t\t<div data-elementor-type=\"wp-page\" data-elementor-id=\"2685\" class=\"elementor elementor-2685\">\n\t\t\t\t<div class=\"elementor-element elementor-element-771cb9c7 e-flex e-con-boxed e-con e-parent\" data-id=\"771cb9c7\" data-element_type=\"container\" data-e-type=\"container\">\n\t\t\t\t\t<div class=\"e-con-inner\">\n\t\t\t\t<div class=\"elementor-element elementor-element-51a731c elementor-widget elementor-widget-text-editor\" data-id=\"51a731c\" data-element_type=\"widget\" data-e-type=\"widget\" data-widget_type=\"text-editor.default\">\n\t\t\t\t<div class=\"elementor-widget-container\">\n\t\t\t\t\t\t\t\t\t<p style=\"text-align: center;\"><em><strong>Isabelle Boucher<\/strong><\/em><\/p>\t\t\t\t\t\t\t\t<\/div>\n\t\t\t\t<\/div>\n\t\t\t\t<div class=\"elementor-element elementor-element-af5fbcb elementor-widget elementor-widget-heading\" data-id=\"af5fbcb\" data-element_type=\"widget\" data-e-type=\"widget\" data-widget_type=\"heading.default\">\n\t\t\t\t<div class=\"elementor-widget-container\">\n\t\t\t\t\t<h1 class=\"elementor-heading-title elementor-size-default\">LA DANSEUSE<\/h1>\t\t\t\t<\/div>\n\t\t\t\t<\/div>\n\t\t<div class=\"elementor-element elementor-element-ddef779 e-con-full e-flex e-con e-child\" data-id=\"ddef779\" data-element_type=\"container\" data-e-type=\"container\">\n\t\t\t\t<div class=\"elementor-element elementor-element-8f507e4 elementor-widget elementor-widget-image\" data-id=\"8f507e4\" data-element_type=\"widget\" data-e-type=\"widget\" data-widget_type=\"image.default\">\n\t\t\t\t<div class=\"elementor-widget-container\">\n\t\t\t\t\t\t\t\t\t\t\t\t\t\t\t<img fetchpriority=\"high\" decoding=\"async\" width=\"421\" height=\"549\" src=\"https:\/\/ferrancremades.es\/wp-content\/uploads\/2024\/08\/LA-DANSEUSE-ISABELLE-BOUCHER-00.jpg\" class=\"attachment-large size-large wp-image-2688\" alt=\"\" srcset=\"https:\/\/ferrancremades.es\/wp-content\/uploads\/2024\/08\/LA-DANSEUSE-ISABELLE-BOUCHER-00.jpg 421w, https:\/\/ferrancremades.es\/wp-content\/uploads\/2024\/08\/LA-DANSEUSE-ISABELLE-BOUCHER-00-230x300.jpg 230w\" sizes=\"(max-width: 421px) 100vw, 421px\" \/>\t\t\t\t\t\t\t\t\t\t\t\t\t\t\t<\/div>\n\t\t\t\t<\/div>\n\t\t\t\t<div class=\"elementor-element elementor-element-9a54c2c elementor-widget elementor-widget-text-editor\" data-id=\"9a54c2c\" data-element_type=\"widget\" data-e-type=\"widget\" data-widget_type=\"text-editor.default\">\n\t\t\t\t<div class=\"elementor-widget-container\">\n\t\t\t\t\t\t\t\t\t<p><strong>Ferran Cremades i Arlandis<\/strong><\/p>\t\t\t\t\t\t\t\t<\/div>\n\t\t\t\t<\/div>\n\t\t\t\t<\/div>\n\t\t\t\t<div class=\"elementor-element elementor-element-0490894 elementor-widget elementor-widget-html\" data-id=\"0490894\" data-element_type=\"widget\" data-e-type=\"widget\" data-widget_type=\"html.default\">\n\t\t\t\t<div class=\"elementor-widget-container\">\n\t\t\t\t\t\nAvec fiert\u00e9 LA DANSEUSE montre la nudit\u00e9 de son corps. Lorsqu\u2019elle se regarde dans le miroir, elle voit refl\u00e9t\u00e9e la beaut\u00e9 de son \u00e2me. Dans ses formes sensuelles \u00e9merge une musculature caract\u00e9ristique de sa passion invincible. Excessives sont aussi ses seins. Un oiseau migrateur condamn\u00e9 \u00e0 survoler le ciel ou une gazelle qui n\u2019a jamais quitt\u00e9 les oasis sont enferm\u00e9s dans son corps. Le balancement des bras suit celui des jambes dans une sortie imp\u00e9tueuse qui c\u00e9l\u00e8bre les voix cach\u00e9es des spectateurs qui se trouvent au bord de la piste. La route \u00e0 parcourir est pleine d\u2019obstacles. Il y a des jours qu\u2019elle doit passer sous les branches des arbres luxuriants qui cachent la lumi\u00e8re du soleil et des jours qu\u2019elle doit glisser sur l\u2019herbe qui pousse dans une vall\u00e9e abandonn\u00e9e.\t\t\t\t<\/div>\n\t\t\t\t<\/div>\n\t\t\t\t<div class=\"elementor-element elementor-element-c575d5f elementor-widget elementor-widget-text-editor\" data-id=\"c575d5f\" data-element_type=\"widget\" data-e-type=\"widget\" data-widget_type=\"text-editor.default\">\n\t\t\t\t<div class=\"elementor-widget-container\">\n\t\t\t\t\t\t\t\t\t<p>Les bras et les jambes de LA DANSEUSE, en oscillation permanente, sont tendus comme des arcs toujours pr\u00eats \u00e0 tirer leurs fl\u00e8ches aussi pr\u00e9cises qu\u2019invisibles. La for\u00eat d\u2019ombres p\u00e9trifi\u00e9es ouvre la voie \u00e0 un lac o\u00f9 se refl\u00e8te le bleu d\u2019un horizon infini. C\u2019est pourquoi elle sait que la fin de la course est proche. Un jour de plus, elle a atteint un amour qui semblait impossible. Comme l\u2019un de ces sommets qui se perdent dans le ciel. \u00c0 cause de la sueur qui irrite ses yeux, LA DANSEUSE peut \u00e0 peine voir tous ces corps qui la d\u00e9sirent et l\u2019encouragent. Ils ne sont que des ombres. Quelqu\u2019un lui offre la bouteille d\u2019une boisson connue dans le monde. Et puis, elle n\u2019h\u00e9site pas \u00e0 pencher la t\u00eate en arri\u00e8re pour \u00e9tancher sa soif. Plus elle boit, plus elle a soif. Elle boit comme s\u2019il n\u2019y avait plus d\u2019eau dans le monde entier. Les yeux ferm\u00e9s et le corps d\u00e9goulinant de sueur, elle r\u00eave de chacun de ces amours qu\u2019il a laiss\u00e9s sur la route.<\/p>\t\t\t\t\t\t\t\t<\/div>\n\t\t\t\t<\/div>\n\t\t\t\t<div class=\"elementor-element elementor-element-9e4de8c elementor-widget elementor-widget-image\" data-id=\"9e4de8c\" data-element_type=\"widget\" data-e-type=\"widget\" data-widget_type=\"image.default\">\n\t\t\t\t<div class=\"elementor-widget-container\">\n\t\t\t\t\t\t\t\t\t\t\t\t\t\t\t<img decoding=\"async\" width=\"401\" height=\"528\" src=\"https:\/\/ferrancremades.es\/wp-content\/uploads\/2024\/08\/LA-DANSEUSE-2-ISABELLE-BOUCHER.jpg\" class=\"attachment-large size-large wp-image-2703\" alt=\"\" srcset=\"https:\/\/ferrancremades.es\/wp-content\/uploads\/2024\/08\/LA-DANSEUSE-2-ISABELLE-BOUCHER.jpg 401w, https:\/\/ferrancremades.es\/wp-content\/uploads\/2024\/08\/LA-DANSEUSE-2-ISABELLE-BOUCHER-228x300.jpg 228w\" sizes=\"(max-width: 401px) 100vw, 401px\" \/>\t\t\t\t\t\t\t\t\t\t\t\t\t\t\t<\/div>\n\t\t\t\t<\/div>\n\t\t\t\t<div class=\"elementor-element elementor-element-76489d5 elementor-widget elementor-widget-text-editor\" data-id=\"76489d5\" data-element_type=\"widget\" data-e-type=\"widget\" data-widget_type=\"text-editor.default\">\n\t\t\t\t<div class=\"elementor-widget-container\">\n\t\t\t\t\t\t\t\t\t<p>Dans l\u2019intimit\u00e9 de la pi\u00e8ce qui fait office de loge, le corps de LA DANSEUSE montre la sensation profonde d\u2019un trouble au moment du maquillage. Elle a l\u2019impression que la vie ressemble \u00e0 un film. Dans ses yeux brillent de petites \u00e9toiles qui r\u00eavent d\u2019atteindre la gloire. Tout au long de sa vie, LA DANSEUSE a jou\u00e9 sur de grandes sc\u00e8nes et a ex\u00e9cut\u00e9 des \u0153uvres de danse classique et moderne. Le dos au monde, elle montre son corps cr\u00e9\u00e9 par une lumi\u00e8re diaphane qui \u00e9blouit le public. C\u2019est comme une deuxi\u00e8me peau. La sc\u00e8ne du Strip Club, d\u2019une couleur aussi blanche que froide, a la forme d\u2019un cercle. Lorsque les lumi\u00e8res s\u2019allument, elle se tourne vers le public pour montrer un physique tr\u00e8s s\u00e9duisant, qui fr\u00f4le l\u2019hypnose.\u00a0<\/p>\t\t\t\t\t\t\t\t<\/div>\n\t\t\t\t<\/div>\n\t\t\t\t<div class=\"elementor-element elementor-element-84fd38b elementor-widget elementor-widget-text-editor\" data-id=\"84fd38b\" data-element_type=\"widget\" data-e-type=\"widget\" data-widget_type=\"text-editor.default\">\n\t\t\t\t<div class=\"elementor-widget-container\">\n\t\t\t\t\t\t\t\t\t<p>Aujourd\u2019hui, elle danse que pour les hommes. Elle est une danseuse experte dans la danse de l\u2019amour. Elle conna\u00eet les regards de la s\u00e9duction et le voile de la simulation. Dans sa danse sans limites autour d\u2019une barre de striptease elle montre un d\u00e9shabillage lent, sensuel et suggestif. Elle ne veut pas se montrer toute nue. Jamais. C\u2019est LA DANSEUSE plus connue de la ville. Le d\u00e9sir refoul\u00e9 pousse le spectateur vers la possession du tr\u00e9sor cach\u00e9 dans le corps de LA DANSEUSE. Quand il commence \u00e0 se tourner de c\u00f4t\u00e9 \u00e0 l\u2019autre sur soi-m\u00eame, elle semble se d\u00e9shabiller. Dans sa bouche, elle cache la langue du cobra qui bouge et s\u2019agite en chassant les mauvais esprits et en lib\u00e9rant les liens d\u2019inhibitions.<\/p>\t\t\t\t\t\t\t\t<\/div>\n\t\t\t\t<\/div>\n\t\t\t\t<div class=\"elementor-element elementor-element-182431d elementor-widget elementor-widget-text-editor\" data-id=\"182431d\" data-element_type=\"widget\" data-e-type=\"widget\" data-widget_type=\"text-editor.default\">\n\t\t\t\t<div class=\"elementor-widget-container\">\n\t\t\t\t\t\t\t\t\t<p>L\u2019interdit devient soudain en joie et les visages des spectateurs s\u2019\u00e9vanouirent dans des regards de folie. Au fil du temps, elle est devenue une danseuse avertie dans la danse de l\u2019amour et de la s\u00e9duction. Sa figure ressemble \u00e0 une d\u00e9esse oubli\u00e9e dans la m\u00e9moire. Une danseuse impudique, lascive et cruelle comme la mythique Salom\u00e9. Ce manque de traits du visage qui fait allusion au contour de ses yeux et de sa bouche, nous pr\u00e9cipite dans l&#8217;ab\u00eeme. Tout dans son corps est devenu sexe. Les lumi\u00e8res clignotent dans le cercle de la sc\u00e8ne. Les formes de d\u00e9sir flottent et les corps suivent les mouvements de LA DANSEUSE qui se d\u00e9place comme un serpent qui glisse maintenant le long de la barre. D\u2019un coup, son corps est un tourbillon de lumi\u00e8re qui monte et s\u2019emm\u00eale dans des illusions d\u2019optique et de musique jusqu\u2019\u00e0 arriver au sommet du d\u00e9sir et de la possession. Avec son sourire coquin aux l\u00e8vres, elle devient un objet de d\u00e9sir. Tout son corps a \u00e9t\u00e9 transform\u00e9 en sexe.\u00a0<\/p>\t\t\t\t\t\t\t\t<\/div>\n\t\t\t\t<\/div>\n\t\t\t\t<div class=\"elementor-element elementor-element-df53881 elementor-widget elementor-widget-text-editor\" data-id=\"df53881\" data-element_type=\"widget\" data-e-type=\"widget\" data-widget_type=\"text-editor.default\">\n\t\t\t\t<div class=\"elementor-widget-container\">\n\t\t\t\t\t\t\t\t\t<p>Les visages des hommes deviennent masques qui passent d\u2019un \u00e9tat d\u2019attente \u00e0 une anxi\u00e9t\u00e9 d\u00e9bordante qui r\u00e9v\u00e8le la bestialit\u00e9 de la chair. Juste des gestes et des g\u00e9missements qui se perdent dans le silence de la nuit. Au- del\u00e0 des grandes fen\u00eatres, la ville est d\u00e9serte. Seul un \u00e9clat est per\u00e7u et reconnu, comme l\u2019effet d&#8217;un d\u00e9sir aussi d\u00e9bordant que creux. Bien qu\u2019\u00e0 une certaine \u00e9poque LA DANSEUSE ait appr\u00e9ci\u00e9 ces danses \u00e9rotiques qui l\u2019ont aid\u00e9 \u00e0 lib\u00e9rer le corps et \u00e0 faire tomber les barri\u00e8res de la pudeur et les interdits, maintenant elle sent la solitude de l\u2019\u00e2me. Finalement, elle reste seule dans l\u2019intimit\u00e9 de la pi\u00e8ce qui fait office de loge. Elle respire toute boulevers\u00e9e. Comme si elle soupirait de peur. Comme si elle g\u00e9missait de douleur.\u00a0<\/p>\t\t\t\t\t\t\t\t<\/div>\n\t\t\t\t<\/div>\n\t\t\t\t<div class=\"elementor-element elementor-element-516f839 elementor-widget elementor-widget-text-editor\" data-id=\"516f839\" data-element_type=\"widget\" data-e-type=\"widget\" data-widget_type=\"text-editor.default\">\n\t\t\t\t<div class=\"elementor-widget-container\">\n\t\t\t\t\t\t\t\t\t<p>Le dos au monde, le corps de LA DANSEUSE nous montre une lumi\u00e8re opaque qui nous aveugle. Certains disent que c\u2019est un accident qui l\u2019a \u00e9loign\u00e9e des grands th\u00e9\u00e2tres de l\u2019op\u00e9ra. D\u2019autres disent qu\u2019elle n\u2019a pas pu surmonter la douleur lorsque la flamme d\u2019une histoire d\u2019amour s\u2019est \u00e9teinte. Dans la rue on dit que c\u2019est l\u2019alcool qui a gagn\u00e9 la bataille. Deux \u00e9toiles filantes glissent de ses yeux pour devenir deux larmes.\u00a0<\/p>\t\t\t\t\t\t\t\t<\/div>\n\t\t\t\t<\/div>\n\t\t\t\t<div class=\"elementor-element elementor-element-be71faa elementor-widget elementor-widget-text-editor\" data-id=\"be71faa\" data-element_type=\"widget\" data-e-type=\"widget\" data-widget_type=\"text-editor.default\">\n\t\t\t\t<div class=\"elementor-widget-container\">\n\t\t\t\t\t\t\t\t\t<p style=\"text-align: right;\"><strong><em>Ferran Cremades i Arlandis.<\/em><\/strong><br \/><strong><em>Cit\u00e9 Jardin AUSIAS MARCH,<\/em><\/strong><br \/><strong><em>F\u00e9vrier 2020<\/em><\/strong><\/p>\t\t\t\t\t\t\t\t<\/div>\n\t\t\t\t<\/div>\n\t\t\t\t<div class=\"elementor-element elementor-element-809e7e0 elementor-widget elementor-widget-spacer\" data-id=\"809e7e0\" data-element_type=\"widget\" data-e-type=\"widget\" data-widget_type=\"spacer.default\">\n\t\t\t\t<div class=\"elementor-widget-container\">\n\t\t\t\t\t\t\t<div class=\"elementor-spacer\">\n\t\t\t<div class=\"elementor-spacer-inner\"><\/div>\n\t\t<\/div>\n\t\t\t\t\t\t<\/div>\n\t\t\t\t<\/div>\n\t\t\t\t<div class=\"elementor-element elementor-element-941f200 elementor-align-center elementor-widget elementor-widget-button\" data-id=\"941f200\" data-element_type=\"widget\" data-e-type=\"widget\" data-widget_type=\"button.default\">\n\t\t\t\t<div class=\"elementor-widget-container\">\n\t\t\t\t\t\t\t\t\t<div class=\"elementor-button-wrapper\">\n\t\t\t\t\t<a class=\"elementor-button elementor-button-link elementor-size-sm\" href=\"https:\/\/ferrancremades.es\/wp-content\/uploads\/2024\/08\/ISABELLE-BOUCHER.pdf\" target=\"_blank\">\n\t\t\t\t\t\t<span class=\"elementor-button-content-wrapper\">\n\t\t\t\t\t\t\t\t\t<span class=\"elementor-button-text\">Version PDF<\/span>\n\t\t\t\t\t<\/span>\n\t\t\t\t\t<\/a>\n\t\t\t\t<\/div>\n\t\t\t\t\t\t\t\t<\/div>\n\t\t\t\t<\/div>\n\t\t\t\t\t<\/div>\n\t\t\t\t<\/div>\n\t\t<div class=\"elementor-element elementor-element-b8991d5 e-flex e-con-boxed e-con e-parent\" data-id=\"b8991d5\" data-element_type=\"container\" data-e-type=\"container\">\n\t\t\t\t\t<div class=\"e-con-inner\">\n\t\t\t\t<div class=\"elementor-element elementor-element-dd1c68b elementor-widget elementor-widget-spacer\" data-id=\"dd1c68b\" data-element_type=\"widget\" data-e-type=\"widget\" data-widget_type=\"spacer.default\">\n\t\t\t\t<div class=\"elementor-widget-container\">\n\t\t\t\t\t\t\t<div class=\"elementor-spacer\">\n\t\t\t<div class=\"elementor-spacer-inner\"><\/div>\n\t\t<\/div>\n\t\t\t\t\t\t<\/div>\n\t\t\t\t<\/div>\n\t\t\t\t\t<\/div>\n\t\t\t\t<\/div>\n\t\t\t\t<\/div>\n\t\t","protected":false},"excerpt":{"rendered":"<div class=\"entry-summary\">\n<div class=\"entry-summary\">\nIsabelle Boucher LA DANSEUSE Ferran Cremades i Arlandis Avec fiert\u00e9 LA DANSEUSE&hellip;\n<\/div>\n<div class=\"link-more\"><a href=\"https:\/\/ferrancremades.es\/index.php\/art__cultura\/isabelle-boucher\/\" class=\"more-link\">Seguir leyendo<span class=\"screen-reader-text\"> &ldquo;4.1.5 Isabelle Boucher&rdquo;<\/span>&hellip;<\/a><\/div>\n<\/div>\n<div class=\"link-more\"><a href=\"https:\/\/ferrancremades.es\/index.php\/art__cultura\/isabelle-boucher\/\" class=\"more-link\">Seguir leyendo<span class=\"screen-reader-text\"> &ldquo;4.1.5 Isabelle Boucher&rdquo;<\/span>&hellip;<\/a><\/div>\n","protected":false},"author":1,"featured_media":0,"parent":2811,"menu_order":0,"comment_status":"closed","ping_status":"closed","template":"elementor_header_footer","meta":{"_acf_changed":false,"_monsterinsights_skip_tracking":false,"_monsterinsights_sitenote_active":false,"_monsterinsights_sitenote_note":"","_monsterinsights_sitenote_category":0,"_joinchat":[],"footnotes":""},"class_list":["post-2685","page","type-page","status-publish","hentry","entry"],"acf":[],"aioseo_notices":[],"_links":{"self":[{"href":"https:\/\/ferrancremades.es\/index.php\/wp-json\/wp\/v2\/pages\/2685","targetHints":{"allow":["GET"]}}],"collection":[{"href":"https:\/\/ferrancremades.es\/index.php\/wp-json\/wp\/v2\/pages"}],"about":[{"href":"https:\/\/ferrancremades.es\/index.php\/wp-json\/wp\/v2\/types\/page"}],"author":[{"embeddable":true,"href":"https:\/\/ferrancremades.es\/index.php\/wp-json\/wp\/v2\/users\/1"}],"replies":[{"embeddable":true,"href":"https:\/\/ferrancremades.es\/index.php\/wp-json\/wp\/v2\/comments?post=2685"}],"version-history":[{"count":48,"href":"https:\/\/ferrancremades.es\/index.php\/wp-json\/wp\/v2\/pages\/2685\/revisions"}],"predecessor-version":[{"id":4584,"href":"https:\/\/ferrancremades.es\/index.php\/wp-json\/wp\/v2\/pages\/2685\/revisions\/4584"}],"up":[{"embeddable":true,"href":"https:\/\/ferrancremades.es\/index.php\/wp-json\/wp\/v2\/pages\/2811"}],"wp:attachment":[{"href":"https:\/\/ferrancremades.es\/index.php\/wp-json\/wp\/v2\/media?parent=2685"}],"curies":[{"name":"wp","href":"https:\/\/api.w.org\/{rel}","templated":true}]}}