{"id":2600,"date":"2024-08-17T17:31:12","date_gmt":"2024-08-17T17:31:12","guid":{"rendered":"https:\/\/ferrancremades.es\/?page_id=2600"},"modified":"2024-09-19T13:56:33","modified_gmt":"2024-09-19T11:56:33","slug":"connaitre-un-auteur","status":"publish","type":"page","link":"https:\/\/ferrancremades.es\/index.php\/bibliografia\/connaitre-un-auteur\/","title":{"rendered":"3.1 CONNAITRE UN AUTEUR"},"content":{"rendered":"\t\t<div data-elementor-type=\"wp-page\" data-elementor-id=\"2600\" class=\"elementor elementor-2600\">\n\t\t\t\t<div class=\"elementor-element elementor-element-6d89460 e-flex e-con-boxed e-con e-parent\" data-id=\"6d89460\" data-element_type=\"container\" data-e-type=\"container\">\n\t\t\t\t\t<div class=\"e-con-inner\">\n\t\t\t\t<div class=\"elementor-element elementor-element-98e5a13 elementor-widget elementor-widget-text-editor\" data-id=\"98e5a13\" data-element_type=\"widget\" data-e-type=\"widget\" data-widget_type=\"text-editor.default\">\n\t\t\t\t<div class=\"elementor-widget-container\">\n\t\t\t\t\t\t\t\t\t<h2 style=\"text-align: center;\">DOSSIER:<br \/>CONNA\u00ceTRE UN AUTEUR<\/h2>\t\t\t\t\t\t\t\t<\/div>\n\t\t\t\t<\/div>\n\t\t\t\t<div class=\"elementor-element elementor-element-9b6529b elementor-widget elementor-widget-image\" data-id=\"9b6529b\" data-element_type=\"widget\" data-e-type=\"widget\" data-widget_type=\"image.default\">\n\t\t\t\t<div class=\"elementor-widget-container\">\n\t\t\t\t\t\t\t\t\t\t\t\t<figure class=\"wp-caption\">\n\t\t\t\t\t\t\t\t\t\t<img fetchpriority=\"high\" decoding=\"async\" width=\"1020\" height=\"564\" src=\"https:\/\/ferrancremades.es\/wp-content\/uploads\/2024\/08\/CABECERA-WEB-1024x566.jpg\" class=\"attachment-large size-large wp-image-2568\" alt=\"\" srcset=\"https:\/\/ferrancremades.es\/wp-content\/uploads\/2024\/08\/CABECERA-WEB-1024x566.jpg 1024w, https:\/\/ferrancremades.es\/wp-content\/uploads\/2024\/08\/CABECERA-WEB-300x166.jpg 300w, https:\/\/ferrancremades.es\/wp-content\/uploads\/2024\/08\/CABECERA-WEB-768x424.jpg 768w, https:\/\/ferrancremades.es\/wp-content\/uploads\/2024\/08\/CABECERA-WEB-1536x849.jpg 1536w, https:\/\/ferrancremades.es\/wp-content\/uploads\/2024\/08\/CABECERA-WEB-e1723916803863.jpg 600w\" sizes=\"(max-width: 1020px) 100vw, 1020px\" \/>\t\t\t\t\t\t\t\t\t\t\t<figcaption class=\"widget-image-caption wp-caption-text\">FERRAN CREMADES<\/figcaption>\n\t\t\t\t\t\t\t\t\t\t<\/figure>\n\t\t\t\t\t\t\t\t\t<\/div>\n\t\t\t\t<\/div>\n\t\t\t\t<div class=\"elementor-element elementor-element-395e95a elementor-widget elementor-widget-text-editor\" data-id=\"395e95a\" data-element_type=\"widget\" data-e-type=\"widget\" data-widget_type=\"text-editor.default\">\n\t\t\t\t<div class=\"elementor-widget-container\">\n\t\t\t\t\t\t\t\t\t<p>De nombreux sc\u00e9narios de ma vie ont d\u00e9j\u00e0 \u00e9t\u00e9 effac\u00e9s par le temps. En fait, je ne sais pas si ce que j\u2019ai v\u00e9cu dans mon enfance \u00e9tait r\u00e9el ou invent\u00e9. Il ne reste plus rien de la voie de chemin de fer travers\u00e9e par le Bou Roig (Taureau Rouge) comme d\u2019une balle ni des grandes roues que remplissaient les marais de fertilit\u00e9. Au fil des ans, le Grand Casino Buenos Aires, o\u00f9 certaines nuits il y avait des spectacles avec des magiciens qui faisaient des d\u00e9monstrations d\u2019illusion et des hypnotiseurs qui terrifiaient la peau de l\u2019ignorance, se transforma en une Caisse d\u2019\u00c9pargne, une de plus.<br \/>Un jour lointain, apr\u00e8s avoir jou\u00e9 \u00e0 la balle dans la rue, j\u2019ai d\u00e9couvert que les mots avaient des ailes et qu\u2019ils me transportaient dans des espaces imaginaires. Chaque fois que j\u2019\u00e9cris, je me souviens, consciemment ou inconsciemment, de la silhouette de ma grand-m\u00e8re maternelle, Fran\u00e7oise, dans la chaise ber\u00e7ante, de sa voix chaleureuse, premier lien indestructible avec le monde de la fantaisie. Je pensais aussi qu\u2019au-del\u00e0 du paysage d\u2019orangers de Bellreguard il n\u2019y avait pas de monde possible, mais j\u2019ai v\u00e9cu plus tard dans d\u2019autres villes et dans d\u2019autres oc\u00e9ans.<\/p>\t\t\t\t\t\t\t\t<\/div>\n\t\t\t\t<\/div>\n\t\t\t\t\t<\/div>\n\t\t\t\t<\/div>\n\t\t<div class=\"elementor-element elementor-element-685dc5b e-flex e-con-boxed e-con e-parent\" data-id=\"685dc5b\" data-element_type=\"container\" data-e-type=\"container\">\n\t\t\t\t\t<div class=\"e-con-inner\">\n\t\t\t\t<div class=\"elementor-element elementor-element-afe8dbc elementor-widget elementor-widget-text-editor\" data-id=\"afe8dbc\" data-element_type=\"widget\" data-e-type=\"widget\" data-widget_type=\"text-editor.default\">\n\t\t\t\t<div class=\"elementor-widget-container\">\n\t\t\t\t\t\t\t\t\t<p style=\"text-align: right;\"><a title=\"DOSSIER: CONNA\u00ceTRE UN AUTEUR\" href=\"https:\/\/ferrancremades.es\/wp-content\/uploads\/2024\/09\/DOSSIER-CONNAITRE-UN-AUTEUR-FERRAN-CREMADES.pdf\" target=\"_blank\" rel=\"noopener\"><strong>En savoir plus&#8230;<\/strong><\/a><\/p>\t\t\t\t\t\t\t\t<\/div>\n\t\t\t\t<\/div>\n\t\t\t\t\t<\/div>\n\t\t\t\t<\/div>\n\t\t\t\t<\/div>\n\t\t","protected":false},"excerpt":{"rendered":"<div class=\"entry-summary\">\n<div class=\"entry-summary\">\nDOSSIER:CONNA\u00ceTRE UN AUTEUR FERRAN CREMADES De nombreux sc\u00e9narios de ma vie ont&hellip;\n<\/div>\n<div class=\"link-more\"><a href=\"https:\/\/ferrancremades.es\/index.php\/bibliografia\/connaitre-un-auteur\/\" class=\"more-link\">Seguir leyendo<span class=\"screen-reader-text\"> &ldquo;3.1 CONNAITRE UN AUTEUR&rdquo;<\/span>&hellip;<\/a><\/div>\n<\/div>\n<div class=\"link-more\"><a href=\"https:\/\/ferrancremades.es\/index.php\/bibliografia\/connaitre-un-auteur\/\" class=\"more-link\">Seguir leyendo<span class=\"screen-reader-text\"> &ldquo;3.1 CONNAITRE UN AUTEUR&rdquo;<\/span>&hellip;<\/a><\/div>\n","protected":false},"author":1,"featured_media":0,"parent":2500,"menu_order":0,"comment_status":"closed","ping_status":"closed","template":"","meta":{"_acf_changed":false,"_monsterinsights_skip_tracking":false,"_monsterinsights_sitenote_active":false,"_monsterinsights_sitenote_note":"","_monsterinsights_sitenote_category":0,"_joinchat":[],"footnotes":""},"class_list":["post-2600","page","type-page","status-publish","hentry","entry"],"acf":[],"aioseo_notices":[],"_links":{"self":[{"href":"https:\/\/ferrancremades.es\/index.php\/wp-json\/wp\/v2\/pages\/2600","targetHints":{"allow":["GET"]}}],"collection":[{"href":"https:\/\/ferrancremades.es\/index.php\/wp-json\/wp\/v2\/pages"}],"about":[{"href":"https:\/\/ferrancremades.es\/index.php\/wp-json\/wp\/v2\/types\/page"}],"author":[{"embeddable":true,"href":"https:\/\/ferrancremades.es\/index.php\/wp-json\/wp\/v2\/users\/1"}],"replies":[{"embeddable":true,"href":"https:\/\/ferrancremades.es\/index.php\/wp-json\/wp\/v2\/comments?post=2600"}],"version-history":[{"count":37,"href":"https:\/\/ferrancremades.es\/index.php\/wp-json\/wp\/v2\/pages\/2600\/revisions"}],"predecessor-version":[{"id":4797,"href":"https:\/\/ferrancremades.es\/index.php\/wp-json\/wp\/v2\/pages\/2600\/revisions\/4797"}],"up":[{"embeddable":true,"href":"https:\/\/ferrancremades.es\/index.php\/wp-json\/wp\/v2\/pages\/2500"}],"wp:attachment":[{"href":"https:\/\/ferrancremades.es\/index.php\/wp-json\/wp\/v2\/media?parent=2600"}],"curies":[{"name":"wp","href":"https:\/\/api.w.org\/{rel}","templated":true}]}}